{"id":41,"date":"2010-08-14T21:38:40","date_gmt":"2010-08-14T21:38:40","guid":{"rendered":"http:\/\/danyfoundation.org\/?page_id=41"},"modified":"2015-09-19T13:31:34","modified_gmt":"2015-09-19T11:31:34","slug":"doelgroep","status":"publish","type":"page","link":"https:\/\/danyfoundation.org\/?page_id=41&amp;lang=fr","title":{"rendered":"Les b\u00e9n\u00e9ficiaires"},"content":{"rendered":"<p>Chaque ann\u00e9e, on rel\u00e8ve plus de cinquante cas de cancer au Cap-Vert. Il s&#8217;agit d&#8217;un probl\u00e8me grave puisque le pays manque de m\u00e9decins sp\u00e9cialistes et de ressources pour un diagnostic pr\u00e9coce. Il y a \u00e9galement d&#8217;autres types de maladies intraitables au Cap-Vert. C&#8217;est pourquoi certains des malades graves sont envoy\u00e9s au Portugal. Le gouvernement portugais finance leur s\u00e9jour dans les hopitaux et les traitements m\u00e9dicaux, tandis que le Cap-Vert prend en charge leur s\u00e9jour dans les h\u00f4tels et le co\u00fbt du transport vers le Portugal. C&#8217;est une contrainte financi\u00e8re tr\u00e8s lourde pour le Cap-Vert qui reste un pays en d\u00e9veloppement. C&#8217;est pourquoi il arrive souvent que les malades \u00e9vacu\u00e9s ne re\u00e7oivent pas ces allocations, et la situation s&#8217;aggrave chaque ann\u00e9e avec le transfert de nouveaux patients. A Lisbonne actuellement, il y a d\u00e9j\u00e0 plus de 300 malades \u00e9vacu\u00e9s&#8230;<\/p>\n<p>Le gouvernement portugais ne permet l&#8217;entr\u00e9e que d&#8217;un nombre d\u00e9termin\u00e9 de patients capverdiens. Cela signifie que certains des malades graves sont oblig\u00e9s de rester au Cap-Vert, attendant une mort rendue in\u00e9vitable par le manque de traitements m\u00e9dicaux. D&#8217;autres, avec l&#8217;aide de la famille, r\u00e9ussissent \u00e0 payer leur billet d&#8217;avion vers le Portugal, sans penser aux co\u00fbts du s\u00e9jour et des traitements. Dans le cas de th\u00e9rapies longues, certains n&#8217;ont plus d&#8217;argent pour payer leur h\u00e9bergement et se retrouvent \u00e0 la rue. On a d\u00e9j\u00e0 constat\u00e9 plusieurs cas de prostitution.<\/p>\n<p>Le transfert de malades vers le Portugal a \u00e9galement des r\u00e9percussions sur leurs familles au Cap-Vert. Elles cherchent \u00e0 faire tout leur possible pour prendre en charge les d\u00e9penses du malade \u00e0 Lisbonne, et bien souvent cela ne fait qu&#8217;aggraver la situation de pauvret\u00e9 dans laquelle elles vivent. De nombreux patients laissent des enfants mineurs au pays. Et quand le malade \u00e9tait le seul \u00e0 travailler, les enfants restent quasiment sans argent, provoquant encore plus d&#8217;inqui\u00e9tude chez le patient.<\/p>\n","protected":false},"excerpt":{"rendered":"<p>Chaque ann\u00e9e, on rel\u00e8ve plus de cinquante cas de cancer au Cap-Vert. Il s&#8217;agit d&#8217;un probl\u00e8me grave puisque le pays manque de m\u00e9decins sp\u00e9cialistes et de ressources pour un diagnostic pr\u00e9coce. Il y a \u00e9galement d&#8217;autres types de maladies intraitables au Cap-Vert. C&#8217;est pourquoi certains des malades graves sont envoy\u00e9s au Portugal. Le gouvernement portugais [&hellip;]<\/p>\n","protected":false},"author":1,"featured_media":0,"parent":0,"menu_order":4,"comment_status":"closed","ping_status":"closed","template":"","meta":{"footnotes":""},"yoast_head":"<!-- This site is optimized with the Yoast SEO plugin v23.5 - https:\/\/yoast.com\/wordpress\/plugins\/seo\/ -->\n<title>DoelgroepTarget GroupGrupo AlvoLes b\u00e9n\u00e9ficiaires - Dany Foundation<\/title>\n<meta name=\"robots\" content=\"index, follow, max-snippet:-1, max-image-preview:large, max-video-preview:-1\" \/>\n<link rel=\"canonical\" href=\"https:\/\/danyfoundation.org\/?page_id=41&amp;lang=fr\" \/>\n<meta property=\"og:locale\" content=\"fr_FR\" \/>\n<meta property=\"og:type\" content=\"article\" \/>\n<meta property=\"og:title\" content=\"DoelgroepTarget GroupGrupo AlvoLes b\u00e9n\u00e9ficiaires - Dany Foundation\" \/>\n<meta property=\"og:description\" content=\"Chaque ann\u00e9e, on rel\u00e8ve plus de cinquante cas de cancer au Cap-Vert. Il s&#8217;agit d&#8217;un probl\u00e8me grave puisque le pays manque de m\u00e9decins sp\u00e9cialistes et de ressources pour un diagnostic pr\u00e9coce. Il y a \u00e9galement d&#8217;autres types de maladies intraitables au Cap-Vert. C&#8217;est pourquoi certains des malades graves sont envoy\u00e9s au Portugal. Le gouvernement portugais [&hellip;]\" \/>\n<meta property=\"og:url\" content=\"https:\/\/danyfoundation.org\/?page_id=41\" \/>\n<meta property=\"og:site_name\" content=\"Dany Foundation\" \/>\n<meta property=\"article:modified_time\" content=\"2015-09-19T11:31:34+00:00\" \/>\n<meta property=\"og:image\" content=\"https:\/\/danyfoundation.org\/wp-content\/uploads\/2012p1-1024x724.jpg\" \/>\n<meta name=\"twitter:card\" content=\"summary_large_image\" \/>\n<meta name=\"twitter:label1\" content=\"Dur\u00e9e de lecture estim\u00e9e\" \/>\n\t<meta name=\"twitter:data1\" content=\"9 minutes\" \/>\n<script type=\"application\/ld+json\" class=\"yoast-schema-graph\">{\"@context\":\"https:\/\/schema.org\",\"@graph\":[{\"@type\":\"WebPage\",\"@id\":\"https:\/\/danyfoundation.org\/?page_id=41\",\"url\":\"https:\/\/danyfoundation.org\/?page_id=41\",\"name\":\"DoelgroepTarget GroupGrupo AlvoLes b\u00e9n\u00e9ficiaires - Dany Foundation\",\"isPartOf\":{\"@id\":\"https:\/\/danyfoundation.org\/#website\"},\"primaryImageOfPage\":{\"@id\":\"https:\/\/danyfoundation.org\/?page_id=41#primaryimage\"},\"image\":{\"@id\":\"https:\/\/danyfoundation.org\/?page_id=41#primaryimage\"},\"thumbnailUrl\":\"https:\/\/danyfoundation.org\/wp-content\/uploads\/2012p1-1024x724.jpg\",\"datePublished\":\"2010-08-14T21:38:40+00:00\",\"dateModified\":\"2015-09-19T11:31:34+00:00\",\"breadcrumb\":{\"@id\":\"https:\/\/danyfoundation.org\/?page_id=41#breadcrumb\"},\"inLanguage\":\"fr-FR\",\"potentialAction\":[{\"@type\":\"ReadAction\",\"target\":[\"https:\/\/danyfoundation.org\/?page_id=41\"]}]},{\"@type\":\"ImageObject\",\"inLanguage\":\"fr-FR\",\"@id\":\"https:\/\/danyfoundation.org\/?page_id=41#primaryimage\",\"url\":\"https:\/\/danyfoundation.org\/wp-content\/uploads\/2012p1.jpg\",\"contentUrl\":\"https:\/\/danyfoundation.org\/wp-content\/uploads\/2012p1.jpg\",\"width\":\"1997\",\"height\":\"1412\"},{\"@type\":\"BreadcrumbList\",\"@id\":\"https:\/\/danyfoundation.org\/?page_id=41#breadcrumb\",\"itemListElement\":[{\"@type\":\"ListItem\",\"position\":1,\"name\":\"Home\",\"item\":\"https:\/\/danyfoundation.org\/\"},{\"@type\":\"ListItem\",\"position\":2,\"name\":\"Doelgroep\"}]},{\"@type\":\"WebSite\",\"@id\":\"https:\/\/danyfoundation.org\/#website\",\"url\":\"https:\/\/danyfoundation.org\/\",\"name\":\"Dany Foundation\",\"description\":\"Stichting voor Kaapverdiaanse pati\u00ebnten\",\"publisher\":{\"@id\":\"https:\/\/danyfoundation.org\/#organization\"},\"potentialAction\":[{\"@type\":\"SearchAction\",\"target\":{\"@type\":\"EntryPoint\",\"urlTemplate\":\"https:\/\/danyfoundation.org\/?s={search_term_string}\"},\"query-input\":{\"@type\":\"PropertyValueSpecification\",\"valueRequired\":true,\"valueName\":\"search_term_string\"}}],\"inLanguage\":\"fr-FR\"},{\"@type\":\"Organization\",\"@id\":\"https:\/\/danyfoundation.org\/#organization\",\"name\":\"Dany Foundation\",\"url\":\"https:\/\/danyfoundation.org\/\",\"logo\":{\"@type\":\"ImageObject\",\"inLanguage\":\"fr-FR\",\"@id\":\"https:\/\/danyfoundation.org\/#\/schema\/logo\/image\/\",\"url\":\"https:\/\/danyfoundation.org\/wp-content\/uploads\/danyfoundation.jpg\",\"contentUrl\":\"https:\/\/danyfoundation.org\/wp-content\/uploads\/danyfoundation.jpg\",\"width\":\"272\",\"height\":\"406\",\"caption\":\"Dany Foundation\"},\"image\":{\"@id\":\"https:\/\/danyfoundation.org\/#\/schema\/logo\/image\/\"}}]}<\/script>\n<!-- \/ Yoast SEO plugin. -->","yoast_head_json":{"title":"DoelgroepTarget GroupGrupo AlvoLes b\u00e9n\u00e9ficiaires - Dany Foundation","robots":{"index":"index","follow":"follow","max-snippet":"max-snippet:-1","max-image-preview":"max-image-preview:large","max-video-preview":"max-video-preview:-1"},"canonical":"https:\/\/danyfoundation.org\/?page_id=41","og_locale":"fr_FR","og_type":"article","og_title":"DoelgroepTarget GroupGrupo AlvoLes b\u00e9n\u00e9ficiaires - Dany Foundation","og_description":"Chaque ann\u00e9e, on rel\u00e8ve plus de cinquante cas de cancer au Cap-Vert. Il s&#8217;agit d&#8217;un probl\u00e8me grave puisque le pays manque de m\u00e9decins sp\u00e9cialistes et de ressources pour un diagnostic pr\u00e9coce. Il y a \u00e9galement d&#8217;autres types de maladies intraitables au Cap-Vert. C&#8217;est pourquoi certains des malades graves sont envoy\u00e9s au Portugal. Le gouvernement portugais [&hellip;]","og_url":"https:\/\/danyfoundation.org\/?page_id=41","og_site_name":"Dany Foundation","article_modified_time":"2015-09-19T11:31:34+00:00","og_image":[{"url":"https:\/\/danyfoundation.org\/wp-content\/uploads\/2012p1-1024x724.jpg"}],"twitter_card":"summary_large_image","twitter_misc":{"Dur\u00e9e de lecture estim\u00e9e":"9 minutes"},"schema":{"@context":"https:\/\/schema.org","@graph":[{"@type":"WebPage","@id":"https:\/\/danyfoundation.org\/?page_id=41","url":"https:\/\/danyfoundation.org\/?page_id=41","name":"DoelgroepTarget GroupGrupo AlvoLes b\u00e9n\u00e9ficiaires - Dany Foundation","isPartOf":{"@id":"https:\/\/danyfoundation.org\/#website"},"primaryImageOfPage":{"@id":"https:\/\/danyfoundation.org\/?page_id=41#primaryimage"},"image":{"@id":"https:\/\/danyfoundation.org\/?page_id=41#primaryimage"},"thumbnailUrl":"https:\/\/danyfoundation.org\/wp-content\/uploads\/2012p1-1024x724.jpg","datePublished":"2010-08-14T21:38:40+00:00","dateModified":"2015-09-19T11:31:34+00:00","breadcrumb":{"@id":"https:\/\/danyfoundation.org\/?page_id=41#breadcrumb"},"inLanguage":"fr-FR","potentialAction":[{"@type":"ReadAction","target":["https:\/\/danyfoundation.org\/?page_id=41"]}]},{"@type":"ImageObject","inLanguage":"fr-FR","@id":"https:\/\/danyfoundation.org\/?page_id=41#primaryimage","url":"https:\/\/danyfoundation.org\/wp-content\/uploads\/2012p1.jpg","contentUrl":"https:\/\/danyfoundation.org\/wp-content\/uploads\/2012p1.jpg","width":"1997","height":"1412"},{"@type":"BreadcrumbList","@id":"https:\/\/danyfoundation.org\/?page_id=41#breadcrumb","itemListElement":[{"@type":"ListItem","position":1,"name":"Home","item":"https:\/\/danyfoundation.org\/"},{"@type":"ListItem","position":2,"name":"Doelgroep"}]},{"@type":"WebSite","@id":"https:\/\/danyfoundation.org\/#website","url":"https:\/\/danyfoundation.org\/","name":"Dany Foundation","description":"Stichting voor Kaapverdiaanse pati\u00ebnten","publisher":{"@id":"https:\/\/danyfoundation.org\/#organization"},"potentialAction":[{"@type":"SearchAction","target":{"@type":"EntryPoint","urlTemplate":"https:\/\/danyfoundation.org\/?s={search_term_string}"},"query-input":{"@type":"PropertyValueSpecification","valueRequired":true,"valueName":"search_term_string"}}],"inLanguage":"fr-FR"},{"@type":"Organization","@id":"https:\/\/danyfoundation.org\/#organization","name":"Dany Foundation","url":"https:\/\/danyfoundation.org\/","logo":{"@type":"ImageObject","inLanguage":"fr-FR","@id":"https:\/\/danyfoundation.org\/#\/schema\/logo\/image\/","url":"https:\/\/danyfoundation.org\/wp-content\/uploads\/danyfoundation.jpg","contentUrl":"https:\/\/danyfoundation.org\/wp-content\/uploads\/danyfoundation.jpg","width":"272","height":"406","caption":"Dany Foundation"},"image":{"@id":"https:\/\/danyfoundation.org\/#\/schema\/logo\/image\/"}}]}},"_links":{"self":[{"href":"https:\/\/danyfoundation.org\/index.php?rest_route=\/wp\/v2\/pages\/41"}],"collection":[{"href":"https:\/\/danyfoundation.org\/index.php?rest_route=\/wp\/v2\/pages"}],"about":[{"href":"https:\/\/danyfoundation.org\/index.php?rest_route=\/wp\/v2\/types\/page"}],"author":[{"embeddable":true,"href":"https:\/\/danyfoundation.org\/index.php?rest_route=\/wp\/v2\/users\/1"}],"replies":[{"embeddable":true,"href":"https:\/\/danyfoundation.org\/index.php?rest_route=%2Fwp%2Fv2%2Fcomments&post=41"}],"version-history":[{"count":25,"href":"https:\/\/danyfoundation.org\/index.php?rest_route=\/wp\/v2\/pages\/41\/revisions"}],"predecessor-version":[{"id":1403,"href":"https:\/\/danyfoundation.org\/index.php?rest_route=\/wp\/v2\/pages\/41\/revisions\/1403"}],"wp:attachment":[{"href":"https:\/\/danyfoundation.org\/index.php?rest_route=%2Fwp%2Fv2%2Fmedia&parent=41"}],"curies":[{"name":"wp","href":"https:\/\/api.w.org\/{rel}","templated":true}]}}