{"id":470,"date":"2010-08-25T23:23:39","date_gmt":"2010-08-25T21:23:39","guid":{"rendered":"http:\/\/danyfoundation.org\/?page_id=470"},"modified":"2015-09-14T16:15:57","modified_gmt":"2015-09-14T14:15:57","slug":"home","status":"publish","type":"page","link":"https:\/\/danyfoundation.org\/?lang=fr","title":{"rendered":"Accueil"},"content":{"rendered":"<p><strong>Bienvenue sur le website de la Dany Foundation!<\/strong><\/p>\n<p>La fondation Dany \u0153uvre pour l\u2019am\u00e9lioration des conditions de vie des cap-vertiens transf\u00e9r\u00e9s au Portugal pour cause de maladies graves. Elle a pour objectif ultime d\u2019obtenir les moyens pour mettre un place un Foyer o\u00f9 les malades puissent \u00eatre mieux install\u00e9s et mieux trait\u00e9s, dans un minimum de confort, conditions essentielles pour un meilleur r\u00e9tablissement dans le respect et la dignit\u00e9 humaine.<\/p>\n<p>Un \u00e9lan de solidarit\u00e9 est en train de se cr\u00e9er. Le Dr. Frederico Sanches, du Service d\u2019oncologie d\u2019un h\u00f4pital portugais, m\u2019apporte son soutien. Je puis \u00e9galement compter sur Andredina, co-fondatrice de la FASCP (Fond d\u2019appui aux Capverdiens vivant au Portugal).<br \/>\nVous pouvez, vous aussi, apporter votre obole, aussi modeste soit-elle, \u00e0 ce projet du c\u0153ur. Car notre Fondation a besoin de dons. Toute aide est la bienvenue pour am\u00e9liorer les conditions de vie de nos malades au Portugal et leur offrir quelques instants de loisir et de saine convivialit\u00e9.<\/p>\n<p>Merci d\u2019avance pour votre g\u00e9n\u00e9rosit\u00e9<br \/>\nGrace B\u00e9atriz<\/p>\n<p>Numero du compte: 5185695.<br \/>\nNom: Stichting Dany Foundation \u00e1 Haarlem, Pays Bas<br \/>\nBanc: ING<br \/>\nIBAN: NL67INGB0005185695<br \/>\nBIC: INGBNL2A<br \/>\n<img loading=\"lazy\" decoding=\"async\" class=\"aligncenter\" title=\"Clipboard01collage\" src=\"https:\/\/danyfoundation.org\/wp-content\/uploads\/Clipboard01collage.jpg\" alt=\"\" width=\"455\" height=\"442\" \/><\/p>\n","protected":false},"excerpt":{"rendered":"<p>Bienvenue sur le website de la Dany Foundation! La fondation Dany \u0153uvre pour l\u2019am\u00e9lioration des conditions de vie des cap-vertiens transf\u00e9r\u00e9s au Portugal pour cause de maladies graves. Elle a pour objectif ultime d\u2019obtenir les moyens pour mettre un place un Foyer o\u00f9 les malades puissent \u00eatre mieux install\u00e9s et mieux trait\u00e9s, dans un minimum [&hellip;]<\/p>\n","protected":false},"author":1,"featured_media":0,"parent":0,"menu_order":1,"comment_status":"closed","ping_status":"closed","template":"","meta":{"footnotes":""},"yoast_head":"<!-- This site is optimized with the Yoast SEO plugin v23.5 - https:\/\/yoast.com\/wordpress\/plugins\/seo\/ -->\n<title>HomepageHomepageP\u00e1gina principalAccueil - Dany Foundation<\/title>\n<meta name=\"robots\" content=\"index, follow, max-snippet:-1, max-image-preview:large, max-video-preview:-1\" \/>\n<link rel=\"canonical\" href=\"https:\/\/danyfoundation.org\/?lang=fr\" \/>\n<meta property=\"og:locale\" content=\"fr_FR\" \/>\n<meta property=\"og:type\" content=\"article\" \/>\n<meta property=\"og:title\" content=\"HomepageHomepageP\u00e1gina principalAccueil - Dany Foundation\" \/>\n<meta property=\"og:description\" content=\"Bienvenue sur le website de la Dany Foundation! La fondation Dany \u0153uvre pour l\u2019am\u00e9lioration des conditions de vie des cap-vertiens transf\u00e9r\u00e9s au Portugal pour cause de maladies graves. Elle a pour objectif ultime d\u2019obtenir les moyens pour mettre un place un Foyer o\u00f9 les malades puissent \u00eatre mieux install\u00e9s et mieux trait\u00e9s, dans un minimum [&hellip;]\" \/>\n<meta property=\"og:url\" content=\"https:\/\/danyfoundation.org\/\" \/>\n<meta property=\"og:site_name\" content=\"Dany Foundation\" \/>\n<meta property=\"article:modified_time\" content=\"2015-09-14T14:15:57+00:00\" \/>\n<meta property=\"og:image\" content=\"https:\/\/danyfoundation.org\/wp-content\/uploads\/Clipboard01collage.jpg\" \/>\n<meta name=\"twitter:card\" content=\"summary_large_image\" \/>\n<meta name=\"twitter:label1\" content=\"Dur\u00e9e de lecture estim\u00e9e\" \/>\n\t<meta name=\"twitter:data1\" content=\"6 minutes\" \/>\n<script type=\"application\/ld+json\" class=\"yoast-schema-graph\">{\"@context\":\"https:\/\/schema.org\",\"@graph\":[{\"@type\":\"WebPage\",\"@id\":\"https:\/\/danyfoundation.org\/\",\"url\":\"https:\/\/danyfoundation.org\/\",\"name\":\"HomepageHomepageP\u00e1gina principalAccueil - Dany Foundation\",\"isPartOf\":{\"@id\":\"https:\/\/danyfoundation.org\/#website\"},\"primaryImageOfPage\":{\"@id\":\"https:\/\/danyfoundation.org\/#primaryimage\"},\"image\":{\"@id\":\"https:\/\/danyfoundation.org\/#primaryimage\"},\"thumbnailUrl\":\"https:\/\/danyfoundation.org\/wp-content\/uploads\/Clipboard01collage.jpg\",\"datePublished\":\"2010-08-25T21:23:39+00:00\",\"dateModified\":\"2015-09-14T14:15:57+00:00\",\"breadcrumb\":{\"@id\":\"https:\/\/danyfoundation.org\/#breadcrumb\"},\"inLanguage\":\"fr-FR\",\"potentialAction\":[{\"@type\":\"ReadAction\",\"target\":[\"https:\/\/danyfoundation.org\/\"]}]},{\"@type\":\"ImageObject\",\"inLanguage\":\"fr-FR\",\"@id\":\"https:\/\/danyfoundation.org\/#primaryimage\",\"url\":\"https:\/\/danyfoundation.org\/wp-content\/uploads\/Clipboard01collage.jpg\",\"contentUrl\":\"https:\/\/danyfoundation.org\/wp-content\/uploads\/Clipboard01collage.jpg\",\"width\":\"569\",\"height\":\"553\"},{\"@type\":\"BreadcrumbList\",\"@id\":\"https:\/\/danyfoundation.org\/#breadcrumb\",\"itemListElement\":[{\"@type\":\"ListItem\",\"position\":1,\"name\":\"Home\",\"item\":\"https:\/\/danyfoundation.org\/\"},{\"@type\":\"ListItem\",\"position\":2,\"name\":\"Homepage\"}]},{\"@type\":\"WebSite\",\"@id\":\"https:\/\/danyfoundation.org\/#website\",\"url\":\"https:\/\/danyfoundation.org\/\",\"name\":\"Dany Foundation\",\"description\":\"Stichting voor Kaapverdiaanse pati\u00ebnten\",\"publisher\":{\"@id\":\"https:\/\/danyfoundation.org\/#organization\"},\"potentialAction\":[{\"@type\":\"SearchAction\",\"target\":{\"@type\":\"EntryPoint\",\"urlTemplate\":\"https:\/\/danyfoundation.org\/?s={search_term_string}\"},\"query-input\":{\"@type\":\"PropertyValueSpecification\",\"valueRequired\":true,\"valueName\":\"search_term_string\"}}],\"inLanguage\":\"fr-FR\"},{\"@type\":\"Organization\",\"@id\":\"https:\/\/danyfoundation.org\/#organization\",\"name\":\"Dany Foundation\",\"url\":\"https:\/\/danyfoundation.org\/\",\"logo\":{\"@type\":\"ImageObject\",\"inLanguage\":\"fr-FR\",\"@id\":\"https:\/\/danyfoundation.org\/#\/schema\/logo\/image\/\",\"url\":\"https:\/\/danyfoundation.org\/wp-content\/uploads\/danyfoundation.jpg\",\"contentUrl\":\"https:\/\/danyfoundation.org\/wp-content\/uploads\/danyfoundation.jpg\",\"width\":\"272\",\"height\":\"406\",\"caption\":\"Dany Foundation\"},\"image\":{\"@id\":\"https:\/\/danyfoundation.org\/#\/schema\/logo\/image\/\"}}]}<\/script>\n<!-- \/ Yoast SEO plugin. -->","yoast_head_json":{"title":"HomepageHomepageP\u00e1gina principalAccueil - Dany Foundation","robots":{"index":"index","follow":"follow","max-snippet":"max-snippet:-1","max-image-preview":"max-image-preview:large","max-video-preview":"max-video-preview:-1"},"canonical":"https:\/\/danyfoundation.org\/","og_locale":"fr_FR","og_type":"article","og_title":"HomepageHomepageP\u00e1gina principalAccueil - Dany Foundation","og_description":"Bienvenue sur le website de la Dany Foundation! La fondation Dany \u0153uvre pour l\u2019am\u00e9lioration des conditions de vie des cap-vertiens transf\u00e9r\u00e9s au Portugal pour cause de maladies graves. Elle a pour objectif ultime d\u2019obtenir les moyens pour mettre un place un Foyer o\u00f9 les malades puissent \u00eatre mieux install\u00e9s et mieux trait\u00e9s, dans un minimum [&hellip;]","og_url":"https:\/\/danyfoundation.org\/","og_site_name":"Dany Foundation","article_modified_time":"2015-09-14T14:15:57+00:00","og_image":[{"url":"https:\/\/danyfoundation.org\/wp-content\/uploads\/Clipboard01collage.jpg"}],"twitter_card":"summary_large_image","twitter_misc":{"Dur\u00e9e de lecture estim\u00e9e":"6 minutes"},"schema":{"@context":"https:\/\/schema.org","@graph":[{"@type":"WebPage","@id":"https:\/\/danyfoundation.org\/","url":"https:\/\/danyfoundation.org\/","name":"HomepageHomepageP\u00e1gina principalAccueil - Dany Foundation","isPartOf":{"@id":"https:\/\/danyfoundation.org\/#website"},"primaryImageOfPage":{"@id":"https:\/\/danyfoundation.org\/#primaryimage"},"image":{"@id":"https:\/\/danyfoundation.org\/#primaryimage"},"thumbnailUrl":"https:\/\/danyfoundation.org\/wp-content\/uploads\/Clipboard01collage.jpg","datePublished":"2010-08-25T21:23:39+00:00","dateModified":"2015-09-14T14:15:57+00:00","breadcrumb":{"@id":"https:\/\/danyfoundation.org\/#breadcrumb"},"inLanguage":"fr-FR","potentialAction":[{"@type":"ReadAction","target":["https:\/\/danyfoundation.org\/"]}]},{"@type":"ImageObject","inLanguage":"fr-FR","@id":"https:\/\/danyfoundation.org\/#primaryimage","url":"https:\/\/danyfoundation.org\/wp-content\/uploads\/Clipboard01collage.jpg","contentUrl":"https:\/\/danyfoundation.org\/wp-content\/uploads\/Clipboard01collage.jpg","width":"569","height":"553"},{"@type":"BreadcrumbList","@id":"https:\/\/danyfoundation.org\/#breadcrumb","itemListElement":[{"@type":"ListItem","position":1,"name":"Home","item":"https:\/\/danyfoundation.org\/"},{"@type":"ListItem","position":2,"name":"Homepage"}]},{"@type":"WebSite","@id":"https:\/\/danyfoundation.org\/#website","url":"https:\/\/danyfoundation.org\/","name":"Dany Foundation","description":"Stichting voor Kaapverdiaanse pati\u00ebnten","publisher":{"@id":"https:\/\/danyfoundation.org\/#organization"},"potentialAction":[{"@type":"SearchAction","target":{"@type":"EntryPoint","urlTemplate":"https:\/\/danyfoundation.org\/?s={search_term_string}"},"query-input":{"@type":"PropertyValueSpecification","valueRequired":true,"valueName":"search_term_string"}}],"inLanguage":"fr-FR"},{"@type":"Organization","@id":"https:\/\/danyfoundation.org\/#organization","name":"Dany Foundation","url":"https:\/\/danyfoundation.org\/","logo":{"@type":"ImageObject","inLanguage":"fr-FR","@id":"https:\/\/danyfoundation.org\/#\/schema\/logo\/image\/","url":"https:\/\/danyfoundation.org\/wp-content\/uploads\/danyfoundation.jpg","contentUrl":"https:\/\/danyfoundation.org\/wp-content\/uploads\/danyfoundation.jpg","width":"272","height":"406","caption":"Dany Foundation"},"image":{"@id":"https:\/\/danyfoundation.org\/#\/schema\/logo\/image\/"}}]}},"_links":{"self":[{"href":"https:\/\/danyfoundation.org\/index.php?rest_route=\/wp\/v2\/pages\/470"}],"collection":[{"href":"https:\/\/danyfoundation.org\/index.php?rest_route=\/wp\/v2\/pages"}],"about":[{"href":"https:\/\/danyfoundation.org\/index.php?rest_route=\/wp\/v2\/types\/page"}],"author":[{"embeddable":true,"href":"https:\/\/danyfoundation.org\/index.php?rest_route=\/wp\/v2\/users\/1"}],"replies":[{"embeddable":true,"href":"https:\/\/danyfoundation.org\/index.php?rest_route=%2Fwp%2Fv2%2Fcomments&post=470"}],"version-history":[{"count":30,"href":"https:\/\/danyfoundation.org\/index.php?rest_route=\/wp\/v2\/pages\/470\/revisions"}],"predecessor-version":[{"id":1361,"href":"https:\/\/danyfoundation.org\/index.php?rest_route=\/wp\/v2\/pages\/470\/revisions\/1361"}],"wp:attachment":[{"href":"https:\/\/danyfoundation.org\/index.php?rest_route=%2Fwp%2Fv2%2Fmedia&parent=470"}],"curies":[{"name":"wp","href":"https:\/\/api.w.org\/{rel}","templated":true}]}}