{"id":50,"date":"2010-08-14T21:54:27","date_gmt":"2010-08-14T21:54:27","guid":{"rendered":"http:\/\/danyfoundation.org\/?page_id=50"},"modified":"2015-09-19T11:23:31","modified_gmt":"2015-09-19T09:23:31","slug":"plan-van-aanpak","status":"publish","type":"page","link":"https:\/\/danyfoundation.org\/?page_id=50&amp;lang=fr","title":{"rendered":"Plan d&#8217;Action"},"content":{"rendered":"<\/li>\n<\/ul>\n<div id=\"attachment_1216\" style=\"width: 624px\" class=\"wp-caption aligncenter\"><a href=\"https:\/\/danyfoundation.org\/wp-content\/uploads\/2013-collage.jpg\" target=\"_blank\"><img loading=\"lazy\" decoding=\"async\" aria-describedby=\"caption-attachment-1216\" class=\"wp-image-1216 size-large\" title=\"2013 (collage)\" src=\"https:\/\/danyfoundation.org\/wp-content\/uploads\/2013-collage-1024x724.jpg\" alt=\"\" width=\"614\" height=\"434\" srcset=\"https:\/\/danyfoundation.org\/wp-content\/uploads\/2013-collage-1024x724.jpg 1024w, https:\/\/danyfoundation.org\/wp-content\/uploads\/2013-collage-300x212.jpg 300w, https:\/\/danyfoundation.org\/wp-content\/uploads\/2013-collage.jpg 1946w\" sizes=\"(max-width: 614px) 100vw, 614px\" \/><\/a><p id=\"caption-attachment-1216\" class=\"wp-caption-text\">Cape Verde<\/p><\/div>\n<p>&nbsp;<\/p>\n<div id=\"attachment_1217\" style=\"width: 624px\" class=\"wp-caption aligncenter\"><a href=\"https:\/\/danyfoundation.org\/wp-content\/uploads\/10-2007-Lisboa-jantar-14.jpg\" target=\"_blank\"><img loading=\"lazy\" decoding=\"async\" aria-describedby=\"caption-attachment-1217\" class=\"wp-image-1217 size-large\" title=\"10 - 2007 Lisboa jantar (14)\" src=\"https:\/\/danyfoundation.org\/wp-content\/uploads\/10-2007-Lisboa-jantar-14-1024x768.jpg\" alt=\"\" width=\"614\" height=\"461\" srcset=\"https:\/\/danyfoundation.org\/wp-content\/uploads\/10-2007-Lisboa-jantar-14-1024x768.jpg 1024w, https:\/\/danyfoundation.org\/wp-content\/uploads\/10-2007-Lisboa-jantar-14-300x225.jpg 300w, https:\/\/danyfoundation.org\/wp-content\/uploads\/10-2007-Lisboa-jantar-14.jpg 2048w\" sizes=\"(max-width: 614px) 100vw, 614px\" \/><\/a><p id=\"caption-attachment-1217\" class=\"wp-caption-text\">Dinner party for patients in Lisbon<\/p><\/div>\n<p>&nbsp;<\/p>\n<div id=\"attachment_1218\" style=\"width: 624px\" class=\"wp-caption aligncenter\"><a href=\"https:\/\/danyfoundation.org\/wp-content\/uploads\/3-001.jpg\" target=\"_blank\"><img loading=\"lazy\" decoding=\"async\" aria-describedby=\"caption-attachment-1218\" class=\"wp-image-1218 size-large\" title=\"School Marcelino da Silva in Ribeira da Cruz\" src=\"https:\/\/danyfoundation.org\/wp-content\/uploads\/3-001-1024x768.jpg\" alt=\"\" width=\"614\" height=\"461\" srcset=\"https:\/\/danyfoundation.org\/wp-content\/uploads\/3-001-1024x768.jpg 1024w, https:\/\/danyfoundation.org\/wp-content\/uploads\/3-001-300x225.jpg 300w, https:\/\/danyfoundation.org\/wp-content\/uploads\/3-001.jpg 1600w\" sizes=\"(max-width: 614px) 100vw, 614px\" \/><\/a><p id=\"caption-attachment-1218\" class=\"wp-caption-text\">Project Marcelino Silva school in Santo Ant\u00e3o<\/p><\/div>\n<p style=\"text-align: center;\">\n<p><strong>Objectifs<\/strong><\/p>\n<ul>\n<li>Construction d&#8217;un immeuble avec une capacit\u00e9 d&#8217;accueil pour 50 patients.<\/li>\n<li>Cr\u00e9er les conditions pour l&#8217;am\u00e9lioration du s\u00e9jour dans les h\u00f4tels o\u00f9 vivent des malades capverdiens.<\/li>\n<li>Soulager l&#8217;inqui\u00e9tude des patients, ce qui peut contribuer \u00e0 une r\u00e9cup\u00e9ration. Assister et r\u00e9conforter les malades en phase terminale.<\/li>\n<\/ul>\n<p><strong>Les Actions<\/strong><\/p>\n<ul>\n<li>Coop\u00e9ration avec le FASCP, une organisation capverdienne \u00e0 Lisbonne qui connait tr\u00e8s bien la situation sur le terrain; coop\u00e9ration avec les autorit\u00e9s et les \u00e9quipes m\u00e9dicales des deux pays.<\/li>\n<li>Acqu\u00e9rir des mat\u00e9riels pour am\u00e9liorer le s\u00e9jour des patients: t\u00e9l\u00e9vision, v\u00eatements chauds, acc\u00e8s Internet, jeux, etc.<\/li>\n<li>Proposer aux malades des activit\u00e9s de relaxation.<\/li>\n<li>Aider les familles des patients au Cap-Vert: am\u00e9liorer les contacts, appui financier, mat\u00e9riel scolaire, v\u00eatements.<\/li>\n<\/ul>\n<p><strong>Financement<\/strong><\/p>\n<p>Rapidement &#8211; nous l&#8217;esp\u00e9rons &#8211; nous souhaitons avoir les moyens suffisants pour commencer \u00e0 construire le loyer. Le financement se fait \u00e0 travers des donateurs particuliers, des entrepreneurs, des associations, des subventions. A plus long terme, nous voudrions que le financement soit int\u00e9gralement assur\u00e9 par la communaut\u00e9 capverdienne de la diaspora et au Cap-Vert.<\/p>\n","protected":false},"excerpt":{"rendered":"<p>&nbsp; &nbsp; Objectifs Construction d&#8217;un immeuble avec une capacit\u00e9 d&#8217;accueil pour 50 patients. Cr\u00e9er les conditions pour l&#8217;am\u00e9lioration du s\u00e9jour dans les h\u00f4tels o\u00f9 vivent des malades capverdiens. Soulager l&#8217;inqui\u00e9tude des patients, ce qui peut contribuer \u00e0 une r\u00e9cup\u00e9ration. Assister et r\u00e9conforter les malades en phase terminale. Les Actions Coop\u00e9ration avec le FASCP, une organisation [&hellip;]<\/p>\n","protected":false},"author":1,"featured_media":0,"parent":0,"menu_order":5,"comment_status":"closed","ping_status":"closed","template":"","meta":{"footnotes":""},"yoast_head":"<!-- This site is optimized with the Yoast SEO plugin v23.5 - https:\/\/yoast.com\/wordpress\/plugins\/seo\/ -->\n<title>ActieplanPlan of ActionPlano de Ac\u00e7\u00e3oPlan d&#039;Action - Dany Foundation<\/title>\n<meta name=\"robots\" content=\"index, follow, max-snippet:-1, max-image-preview:large, max-video-preview:-1\" \/>\n<link rel=\"canonical\" href=\"https:\/\/danyfoundation.org\/?page_id=50&amp;lang=fr\" \/>\n<meta property=\"og:locale\" content=\"fr_FR\" \/>\n<meta property=\"og:type\" content=\"article\" \/>\n<meta property=\"og:title\" content=\"ActieplanPlan of ActionPlano de Ac\u00e7\u00e3oPlan d&#039;Action - Dany Foundation\" \/>\n<meta property=\"og:description\" content=\"&nbsp; &nbsp; Objectifs Construction d&#8217;un immeuble avec une capacit\u00e9 d&#8217;accueil pour 50 patients. Cr\u00e9er les conditions pour l&#8217;am\u00e9lioration du s\u00e9jour dans les h\u00f4tels o\u00f9 vivent des malades capverdiens. Soulager l&#8217;inqui\u00e9tude des patients, ce qui peut contribuer \u00e0 une r\u00e9cup\u00e9ration. Assister et r\u00e9conforter les malades en phase terminale. Les Actions Coop\u00e9ration avec le FASCP, une organisation [&hellip;]\" \/>\n<meta property=\"og:url\" content=\"https:\/\/danyfoundation.org\/?page_id=50\" \/>\n<meta property=\"og:site_name\" content=\"Dany Foundation\" \/>\n<meta property=\"article:modified_time\" content=\"2015-09-19T09:23:31+00:00\" \/>\n<meta property=\"og:image\" content=\"https:\/\/danyfoundation.org\/wp-content\/uploads\/2013-collage-1024x724.jpg\" \/>\n<meta name=\"twitter:card\" content=\"summary_large_image\" \/>\n<meta name=\"twitter:label1\" content=\"Dur\u00e9e de lecture estim\u00e9e\" \/>\n\t<meta name=\"twitter:data1\" content=\"4 minutes\" \/>\n<script type=\"application\/ld+json\" class=\"yoast-schema-graph\">{\"@context\":\"https:\/\/schema.org\",\"@graph\":[{\"@type\":\"WebPage\",\"@id\":\"https:\/\/danyfoundation.org\/?page_id=50\",\"url\":\"https:\/\/danyfoundation.org\/?page_id=50\",\"name\":\"ActieplanPlan of ActionPlano de Ac\u00e7\u00e3oPlan d'Action - Dany Foundation\",\"isPartOf\":{\"@id\":\"https:\/\/danyfoundation.org\/#website\"},\"primaryImageOfPage\":{\"@id\":\"https:\/\/danyfoundation.org\/?page_id=50#primaryimage\"},\"image\":{\"@id\":\"https:\/\/danyfoundation.org\/?page_id=50#primaryimage\"},\"thumbnailUrl\":\"https:\/\/danyfoundation.org\/wp-content\/uploads\/2013-collage-1024x724.jpg\",\"datePublished\":\"2010-08-14T21:54:27+00:00\",\"dateModified\":\"2015-09-19T09:23:31+00:00\",\"breadcrumb\":{\"@id\":\"https:\/\/danyfoundation.org\/?page_id=50#breadcrumb\"},\"inLanguage\":\"fr-FR\",\"potentialAction\":[{\"@type\":\"ReadAction\",\"target\":[\"https:\/\/danyfoundation.org\/?page_id=50\"]}]},{\"@type\":\"ImageObject\",\"inLanguage\":\"fr-FR\",\"@id\":\"https:\/\/danyfoundation.org\/?page_id=50#primaryimage\",\"url\":\"https:\/\/danyfoundation.org\/wp-content\/uploads\/2013-collage.jpg\",\"contentUrl\":\"https:\/\/danyfoundation.org\/wp-content\/uploads\/2013-collage.jpg\",\"width\":\"1946\",\"height\":\"1376\"},{\"@type\":\"BreadcrumbList\",\"@id\":\"https:\/\/danyfoundation.org\/?page_id=50#breadcrumb\",\"itemListElement\":[{\"@type\":\"ListItem\",\"position\":1,\"name\":\"Home\",\"item\":\"https:\/\/danyfoundation.org\/\"},{\"@type\":\"ListItem\",\"position\":2,\"name\":\"Actieplan\"}]},{\"@type\":\"WebSite\",\"@id\":\"https:\/\/danyfoundation.org\/#website\",\"url\":\"https:\/\/danyfoundation.org\/\",\"name\":\"Dany Foundation\",\"description\":\"Stichting voor Kaapverdiaanse pati\u00ebnten\",\"publisher\":{\"@id\":\"https:\/\/danyfoundation.org\/#organization\"},\"potentialAction\":[{\"@type\":\"SearchAction\",\"target\":{\"@type\":\"EntryPoint\",\"urlTemplate\":\"https:\/\/danyfoundation.org\/?s={search_term_string}\"},\"query-input\":{\"@type\":\"PropertyValueSpecification\",\"valueRequired\":true,\"valueName\":\"search_term_string\"}}],\"inLanguage\":\"fr-FR\"},{\"@type\":\"Organization\",\"@id\":\"https:\/\/danyfoundation.org\/#organization\",\"name\":\"Dany Foundation\",\"url\":\"https:\/\/danyfoundation.org\/\",\"logo\":{\"@type\":\"ImageObject\",\"inLanguage\":\"fr-FR\",\"@id\":\"https:\/\/danyfoundation.org\/#\/schema\/logo\/image\/\",\"url\":\"https:\/\/danyfoundation.org\/wp-content\/uploads\/danyfoundation.jpg\",\"contentUrl\":\"https:\/\/danyfoundation.org\/wp-content\/uploads\/danyfoundation.jpg\",\"width\":\"272\",\"height\":\"406\",\"caption\":\"Dany Foundation\"},\"image\":{\"@id\":\"https:\/\/danyfoundation.org\/#\/schema\/logo\/image\/\"}}]}<\/script>\n<!-- \/ Yoast SEO plugin. -->","yoast_head_json":{"title":"ActieplanPlan of ActionPlano de Ac\u00e7\u00e3oPlan d'Action - Dany Foundation","robots":{"index":"index","follow":"follow","max-snippet":"max-snippet:-1","max-image-preview":"max-image-preview:large","max-video-preview":"max-video-preview:-1"},"canonical":"https:\/\/danyfoundation.org\/?page_id=50","og_locale":"fr_FR","og_type":"article","og_title":"ActieplanPlan of ActionPlano de Ac\u00e7\u00e3oPlan d'Action - Dany Foundation","og_description":"&nbsp; &nbsp; Objectifs Construction d&#8217;un immeuble avec une capacit\u00e9 d&#8217;accueil pour 50 patients. Cr\u00e9er les conditions pour l&#8217;am\u00e9lioration du s\u00e9jour dans les h\u00f4tels o\u00f9 vivent des malades capverdiens. Soulager l&#8217;inqui\u00e9tude des patients, ce qui peut contribuer \u00e0 une r\u00e9cup\u00e9ration. Assister et r\u00e9conforter les malades en phase terminale. Les Actions Coop\u00e9ration avec le FASCP, une organisation [&hellip;]","og_url":"https:\/\/danyfoundation.org\/?page_id=50","og_site_name":"Dany Foundation","article_modified_time":"2015-09-19T09:23:31+00:00","og_image":[{"url":"https:\/\/danyfoundation.org\/wp-content\/uploads\/2013-collage-1024x724.jpg"}],"twitter_card":"summary_large_image","twitter_misc":{"Dur\u00e9e de lecture estim\u00e9e":"4 minutes"},"schema":{"@context":"https:\/\/schema.org","@graph":[{"@type":"WebPage","@id":"https:\/\/danyfoundation.org\/?page_id=50","url":"https:\/\/danyfoundation.org\/?page_id=50","name":"ActieplanPlan of ActionPlano de Ac\u00e7\u00e3oPlan d'Action - Dany Foundation","isPartOf":{"@id":"https:\/\/danyfoundation.org\/#website"},"primaryImageOfPage":{"@id":"https:\/\/danyfoundation.org\/?page_id=50#primaryimage"},"image":{"@id":"https:\/\/danyfoundation.org\/?page_id=50#primaryimage"},"thumbnailUrl":"https:\/\/danyfoundation.org\/wp-content\/uploads\/2013-collage-1024x724.jpg","datePublished":"2010-08-14T21:54:27+00:00","dateModified":"2015-09-19T09:23:31+00:00","breadcrumb":{"@id":"https:\/\/danyfoundation.org\/?page_id=50#breadcrumb"},"inLanguage":"fr-FR","potentialAction":[{"@type":"ReadAction","target":["https:\/\/danyfoundation.org\/?page_id=50"]}]},{"@type":"ImageObject","inLanguage":"fr-FR","@id":"https:\/\/danyfoundation.org\/?page_id=50#primaryimage","url":"https:\/\/danyfoundation.org\/wp-content\/uploads\/2013-collage.jpg","contentUrl":"https:\/\/danyfoundation.org\/wp-content\/uploads\/2013-collage.jpg","width":"1946","height":"1376"},{"@type":"BreadcrumbList","@id":"https:\/\/danyfoundation.org\/?page_id=50#breadcrumb","itemListElement":[{"@type":"ListItem","position":1,"name":"Home","item":"https:\/\/danyfoundation.org\/"},{"@type":"ListItem","position":2,"name":"Actieplan"}]},{"@type":"WebSite","@id":"https:\/\/danyfoundation.org\/#website","url":"https:\/\/danyfoundation.org\/","name":"Dany Foundation","description":"Stichting voor Kaapverdiaanse pati\u00ebnten","publisher":{"@id":"https:\/\/danyfoundation.org\/#organization"},"potentialAction":[{"@type":"SearchAction","target":{"@type":"EntryPoint","urlTemplate":"https:\/\/danyfoundation.org\/?s={search_term_string}"},"query-input":{"@type":"PropertyValueSpecification","valueRequired":true,"valueName":"search_term_string"}}],"inLanguage":"fr-FR"},{"@type":"Organization","@id":"https:\/\/danyfoundation.org\/#organization","name":"Dany Foundation","url":"https:\/\/danyfoundation.org\/","logo":{"@type":"ImageObject","inLanguage":"fr-FR","@id":"https:\/\/danyfoundation.org\/#\/schema\/logo\/image\/","url":"https:\/\/danyfoundation.org\/wp-content\/uploads\/danyfoundation.jpg","contentUrl":"https:\/\/danyfoundation.org\/wp-content\/uploads\/danyfoundation.jpg","width":"272","height":"406","caption":"Dany Foundation"},"image":{"@id":"https:\/\/danyfoundation.org\/#\/schema\/logo\/image\/"}}]}},"_links":{"self":[{"href":"https:\/\/danyfoundation.org\/index.php?rest_route=\/wp\/v2\/pages\/50"}],"collection":[{"href":"https:\/\/danyfoundation.org\/index.php?rest_route=\/wp\/v2\/pages"}],"about":[{"href":"https:\/\/danyfoundation.org\/index.php?rest_route=\/wp\/v2\/types\/page"}],"author":[{"embeddable":true,"href":"https:\/\/danyfoundation.org\/index.php?rest_route=\/wp\/v2\/users\/1"}],"replies":[{"embeddable":true,"href":"https:\/\/danyfoundation.org\/index.php?rest_route=%2Fwp%2Fv2%2Fcomments&post=50"}],"version-history":[{"count":20,"href":"https:\/\/danyfoundation.org\/index.php?rest_route=\/wp\/v2\/pages\/50\/revisions"}],"predecessor-version":[{"id":1394,"href":"https:\/\/danyfoundation.org\/index.php?rest_route=\/wp\/v2\/pages\/50\/revisions\/1394"}],"wp:attachment":[{"href":"https:\/\/danyfoundation.org\/index.php?rest_route=%2Fwp%2Fv2%2Fmedia&parent=50"}],"curies":[{"name":"wp","href":"https:\/\/api.w.org\/{rel}","templated":true}]}}