{"id":2,"date":"2010-08-14T19:46:37","date_gmt":"2010-08-14T19:46:37","guid":{"rendered":"http:\/\/danyfoundation.org\/?page_id=2"},"modified":"2015-09-18T11:07:56","modified_gmt":"2015-09-18T09:07:56","slug":"over","status":"publish","type":"page","link":"https:\/\/danyfoundation.org\/?page_id=2&amp;lang=pt","title":{"rendered":"Dany Estev\u00e3o"},"content":{"rendered":"<p><em>Dany Estev\u00e3o lutou durante 15 meses contra a leucemia. Uma luta desigual que acabou par abate lo&#8230;<\/em><\/p>\n<blockquote><p>O mais triste e ter que parar a minha vida, escola, amigos. Eu sempre tive vontade de estudar, ter uma profissao, ser alguem. Quando penso nos meus irmaos em C. Verde, fisco com o oracao muito apertado, queria muito, um dia quando tudo isto passar, so Deus quizer, poder ajuda-los porque sei muito bem das nossas dificuldades em C. Verde&#8230;<\/p><\/blockquote>\n<p><a href=\"https:\/\/danyfoundation.org\/wp-content\/uploads\/danyfoundation.jpg\"><img loading=\"lazy\" decoding=\"async\" class=\"alignright\" title=\"Dany Estev\u00e3o\" src=\"https:\/\/danyfoundation.org\/wp-content\/uploads\/danyfoundation.jpg\" alt=\"Dany Estev\u00e3o\" width=\"272\" height=\"406\" \/><\/a>A Dany Foundation \u00e9 nomeado no Dany Estev\u00e3o, um jovem \u00a0caboverdiano de 19 anos. Depois duma luta de 15 mesas contra a leucemia, finalmente foi vencido. Dany um jovem descendente duma familia pobre em S\u00e3o Vicente perdeu a m\u00e3e com a idade de 14 anos. Ele fez uma promessa a si proprio: \u201cEstudar e ter um bom emprego para ajudar os irm\u00f5es \u00a0em casa. \u00a0Comecou a trabalhar de dia e a noite frequentar o \u00a0curso \u00a0de contabilidade no ISCEE. Grace Beatriz amiga do Dany, e fundadora do Dany Foundation diz:<\/p>\n<p>\u201cVia-via ouvi dizer sobre o jovem Dany e a doen\u00e7a dele que em Cabo Verde pensavam ser anemia cronica. Entretanto, comecei-me a interesar pelo jovem, a infelicidade dele e a sua familia. Queria ajudar. Dois dias depois do Dany ser evacuado para Portugal, fui visita-lo no hospital de S\u00e3o Francisco Xavier em Lisboa. Ele n\u00e3o me conhecia e eu tambem n\u00e3o o conhecia, mas desde ent\u00e3o nunca abandonei-o.<\/p>\n<p>Da\u00ed come\u00e7ou uma longa luta. A luta contra o cancro. Cerca de um ano lutamos com toda as nossas for\u00e7as contra esta doen\u00e7a massadora que acabou por vencer o Dany no dia 5 de dezembro 2003. Durante o ano de estadia no IPO (Instituto Portugu\u00eas de Oncologia) Dany conheceu muita solid\u00e3o. Sem familia, num pais desconhecido, sentiu-se muito isolado. Escreveu muito sobre a doen\u00e7a, os sonhos que tinha e saudades da familia e de Cabo \u00a0Verde. Fiz-lhe a promessa de escrever um livro sobre o sofrimento e a solid\u00e3o dele em Lisboa. \u00a0Mas com o livro tamb\u00e9m quiz o Dany chamar aten\u00e7\u00e3o para os doentes caboverdianos evacuados para Portugal. O livro \u201cSaudades do Dany\u201d consegui com o meu pr\u00f3prio dinheiro, publica-lo tambem com ajuda de muitos conterr\u00e2neos, apresentei-o em Cabo Verde, Portugal, Holanda, Luxemburgo, Italia e E.U.A.<\/p>\n<p>Era o sonho do Dany criar um lar em Lisboa para acolhimento dos doentes de cancro evacuados. Um lugar donde eles s\u00e3o tratados com carinho, onde se sentir felizes e assim se esquecerem por momentos as suas doen\u00e7as, sofrimento e solid\u00e3o. Depois do lan\u00e7amento do livro segue agora a segundo desejo do Dany: a cria\u00e7\u00e3o do Dany Foundation.<\/p>\n<p style=\"text-align: center;\"><a href=\"https:\/\/danyfoundation.org\/wp-content\/uploads\/5-2005-USA-3.jpg\"><img loading=\"lazy\" decoding=\"async\" class=\"aligncenter size-full wp-image-1211\" title=\"5 - 2005 USA (3)\" src=\"https:\/\/danyfoundation.org\/wp-content\/uploads\/5-2005-USA-3.jpg\" alt=\"\" width=\"540\" height=\"360\" srcset=\"https:\/\/danyfoundation.org\/wp-content\/uploads\/5-2005-USA-3.jpg 600w, https:\/\/danyfoundation.org\/wp-content\/uploads\/5-2005-USA-3-300x200.jpg 300w\" sizes=\"(max-width: 540px) 100vw, 540px\" \/><\/a><\/p>\n","protected":false},"excerpt":{"rendered":"<p>Dany Estev\u00e3o lutou durante 15 meses contra a leucemia. Uma luta desigual que acabou par abate lo&#8230; O mais triste e ter que parar a minha vida, escola, amigos. Eu sempre tive vontade de estudar, ter uma profissao, ser alguem. Quando penso nos meus irmaos em C. Verde, fisco com o oracao muito apertado, queria [&hellip;]<\/p>\n","protected":false},"author":1,"featured_media":0,"parent":0,"menu_order":3,"comment_status":"closed","ping_status":"closed","template":"","meta":{"footnotes":""},"yoast_head":"<!-- This site is optimized with the Yoast SEO plugin v23.5 - https:\/\/yoast.com\/wordpress\/plugins\/seo\/ -->\n<title>Dany Estev\u00e3oDany Estev\u00e3oDany Estev\u00e3oDany Estev\u00e3o - Dany Foundation<\/title>\n<meta name=\"robots\" content=\"index, follow, max-snippet:-1, max-image-preview:large, max-video-preview:-1\" \/>\n<link rel=\"canonical\" href=\"https:\/\/danyfoundation.org\/?page_id=2&amp;lang=pt\" \/>\n<meta property=\"og:locale\" content=\"pt_BR\" \/>\n<meta property=\"og:type\" content=\"article\" \/>\n<meta property=\"og:title\" content=\"Dany Estev\u00e3oDany Estev\u00e3oDany Estev\u00e3oDany Estev\u00e3o - Dany Foundation\" \/>\n<meta property=\"og:description\" content=\"Dany Estev\u00e3o lutou durante 15 meses contra a leucemia. Uma luta desigual que acabou par abate lo&#8230; O mais triste e ter que parar a minha vida, escola, amigos. Eu sempre tive vontade de estudar, ter uma profissao, ser alguem. Quando penso nos meus irmaos em C. Verde, fisco com o oracao muito apertado, queria [&hellip;]\" \/>\n<meta property=\"og:url\" content=\"https:\/\/danyfoundation.org\/?page_id=2\" \/>\n<meta property=\"og:site_name\" content=\"Dany Foundation\" \/>\n<meta property=\"article:modified_time\" content=\"2015-09-18T09:07:56+00:00\" \/>\n<meta property=\"og:image\" content=\"https:\/\/danyfoundation.org\/wp-content\/uploads\/danyfoundation.jpg\" \/>\n<meta name=\"twitter:card\" content=\"summary_large_image\" \/>\n<meta name=\"twitter:label1\" content=\"Est. tempo de leitura\" \/>\n\t<meta name=\"twitter:data1\" content=\"11 minutes\" \/>\n<script type=\"application\/ld+json\" class=\"yoast-schema-graph\">{\"@context\":\"https:\/\/schema.org\",\"@graph\":[{\"@type\":\"WebPage\",\"@id\":\"https:\/\/danyfoundation.org\/?page_id=2\",\"url\":\"https:\/\/danyfoundation.org\/?page_id=2\",\"name\":\"Dany Estev\u00e3oDany Estev\u00e3oDany Estev\u00e3oDany Estev\u00e3o - Dany Foundation\",\"isPartOf\":{\"@id\":\"https:\/\/danyfoundation.org\/#website\"},\"primaryImageOfPage\":{\"@id\":\"https:\/\/danyfoundation.org\/?page_id=2#primaryimage\"},\"image\":{\"@id\":\"https:\/\/danyfoundation.org\/?page_id=2#primaryimage\"},\"thumbnailUrl\":\"https:\/\/danyfoundation.org\/wp-content\/uploads\/danyfoundation.jpg\",\"datePublished\":\"2010-08-14T19:46:37+00:00\",\"dateModified\":\"2015-09-18T09:07:56+00:00\",\"breadcrumb\":{\"@id\":\"https:\/\/danyfoundation.org\/?page_id=2#breadcrumb\"},\"inLanguage\":\"pt-BR\",\"potentialAction\":[{\"@type\":\"ReadAction\",\"target\":[\"https:\/\/danyfoundation.org\/?page_id=2\"]}]},{\"@type\":\"ImageObject\",\"inLanguage\":\"pt-BR\",\"@id\":\"https:\/\/danyfoundation.org\/?page_id=2#primaryimage\",\"url\":\"https:\/\/danyfoundation.org\/wp-content\/uploads\/danyfoundation.jpg\",\"contentUrl\":\"https:\/\/danyfoundation.org\/wp-content\/uploads\/danyfoundation.jpg\"},{\"@type\":\"BreadcrumbList\",\"@id\":\"https:\/\/danyfoundation.org\/?page_id=2#breadcrumb\",\"itemListElement\":[{\"@type\":\"ListItem\",\"position\":1,\"name\":\"Home\",\"item\":\"https:\/\/danyfoundation.org\/\"},{\"@type\":\"ListItem\",\"position\":2,\"name\":\"Dany Estev\u00e3o\"}]},{\"@type\":\"WebSite\",\"@id\":\"https:\/\/danyfoundation.org\/#website\",\"url\":\"https:\/\/danyfoundation.org\/\",\"name\":\"Dany Foundation\",\"description\":\"Stichting voor Kaapverdiaanse pati\u00ebnten\",\"publisher\":{\"@id\":\"https:\/\/danyfoundation.org\/#organization\"},\"potentialAction\":[{\"@type\":\"SearchAction\",\"target\":{\"@type\":\"EntryPoint\",\"urlTemplate\":\"https:\/\/danyfoundation.org\/?s={search_term_string}\"},\"query-input\":{\"@type\":\"PropertyValueSpecification\",\"valueRequired\":true,\"valueName\":\"search_term_string\"}}],\"inLanguage\":\"pt-BR\"},{\"@type\":\"Organization\",\"@id\":\"https:\/\/danyfoundation.org\/#organization\",\"name\":\"Dany Foundation\",\"url\":\"https:\/\/danyfoundation.org\/\",\"logo\":{\"@type\":\"ImageObject\",\"inLanguage\":\"pt-BR\",\"@id\":\"https:\/\/danyfoundation.org\/#\/schema\/logo\/image\/\",\"url\":\"https:\/\/danyfoundation.org\/wp-content\/uploads\/danyfoundation.jpg\",\"contentUrl\":\"https:\/\/danyfoundation.org\/wp-content\/uploads\/danyfoundation.jpg\",\"width\":\"272\",\"height\":\"406\",\"caption\":\"Dany Foundation\"},\"image\":{\"@id\":\"https:\/\/danyfoundation.org\/#\/schema\/logo\/image\/\"}}]}<\/script>\n<!-- \/ Yoast SEO plugin. -->","yoast_head_json":{"title":"Dany Estev\u00e3oDany Estev\u00e3oDany Estev\u00e3oDany Estev\u00e3o - Dany Foundation","robots":{"index":"index","follow":"follow","max-snippet":"max-snippet:-1","max-image-preview":"max-image-preview:large","max-video-preview":"max-video-preview:-1"},"canonical":"https:\/\/danyfoundation.org\/?page_id=2","og_locale":"pt_BR","og_type":"article","og_title":"Dany Estev\u00e3oDany Estev\u00e3oDany Estev\u00e3oDany Estev\u00e3o - Dany Foundation","og_description":"Dany Estev\u00e3o lutou durante 15 meses contra a leucemia. Uma luta desigual que acabou par abate lo&#8230; O mais triste e ter que parar a minha vida, escola, amigos. Eu sempre tive vontade de estudar, ter uma profissao, ser alguem. Quando penso nos meus irmaos em C. Verde, fisco com o oracao muito apertado, queria [&hellip;]","og_url":"https:\/\/danyfoundation.org\/?page_id=2","og_site_name":"Dany Foundation","article_modified_time":"2015-09-18T09:07:56+00:00","og_image":[{"url":"https:\/\/danyfoundation.org\/wp-content\/uploads\/danyfoundation.jpg"}],"twitter_card":"summary_large_image","twitter_misc":{"Est. tempo de leitura":"11 minutes"},"schema":{"@context":"https:\/\/schema.org","@graph":[{"@type":"WebPage","@id":"https:\/\/danyfoundation.org\/?page_id=2","url":"https:\/\/danyfoundation.org\/?page_id=2","name":"Dany Estev\u00e3oDany Estev\u00e3oDany Estev\u00e3oDany Estev\u00e3o - Dany Foundation","isPartOf":{"@id":"https:\/\/danyfoundation.org\/#website"},"primaryImageOfPage":{"@id":"https:\/\/danyfoundation.org\/?page_id=2#primaryimage"},"image":{"@id":"https:\/\/danyfoundation.org\/?page_id=2#primaryimage"},"thumbnailUrl":"https:\/\/danyfoundation.org\/wp-content\/uploads\/danyfoundation.jpg","datePublished":"2010-08-14T19:46:37+00:00","dateModified":"2015-09-18T09:07:56+00:00","breadcrumb":{"@id":"https:\/\/danyfoundation.org\/?page_id=2#breadcrumb"},"inLanguage":"pt-BR","potentialAction":[{"@type":"ReadAction","target":["https:\/\/danyfoundation.org\/?page_id=2"]}]},{"@type":"ImageObject","inLanguage":"pt-BR","@id":"https:\/\/danyfoundation.org\/?page_id=2#primaryimage","url":"https:\/\/danyfoundation.org\/wp-content\/uploads\/danyfoundation.jpg","contentUrl":"https:\/\/danyfoundation.org\/wp-content\/uploads\/danyfoundation.jpg"},{"@type":"BreadcrumbList","@id":"https:\/\/danyfoundation.org\/?page_id=2#breadcrumb","itemListElement":[{"@type":"ListItem","position":1,"name":"Home","item":"https:\/\/danyfoundation.org\/"},{"@type":"ListItem","position":2,"name":"Dany Estev\u00e3o"}]},{"@type":"WebSite","@id":"https:\/\/danyfoundation.org\/#website","url":"https:\/\/danyfoundation.org\/","name":"Dany Foundation","description":"Stichting voor Kaapverdiaanse pati\u00ebnten","publisher":{"@id":"https:\/\/danyfoundation.org\/#organization"},"potentialAction":[{"@type":"SearchAction","target":{"@type":"EntryPoint","urlTemplate":"https:\/\/danyfoundation.org\/?s={search_term_string}"},"query-input":{"@type":"PropertyValueSpecification","valueRequired":true,"valueName":"search_term_string"}}],"inLanguage":"pt-BR"},{"@type":"Organization","@id":"https:\/\/danyfoundation.org\/#organization","name":"Dany Foundation","url":"https:\/\/danyfoundation.org\/","logo":{"@type":"ImageObject","inLanguage":"pt-BR","@id":"https:\/\/danyfoundation.org\/#\/schema\/logo\/image\/","url":"https:\/\/danyfoundation.org\/wp-content\/uploads\/danyfoundation.jpg","contentUrl":"https:\/\/danyfoundation.org\/wp-content\/uploads\/danyfoundation.jpg","width":"272","height":"406","caption":"Dany Foundation"},"image":{"@id":"https:\/\/danyfoundation.org\/#\/schema\/logo\/image\/"}}]}},"_links":{"self":[{"href":"https:\/\/danyfoundation.org\/index.php?rest_route=\/wp\/v2\/pages\/2"}],"collection":[{"href":"https:\/\/danyfoundation.org\/index.php?rest_route=\/wp\/v2\/pages"}],"about":[{"href":"https:\/\/danyfoundation.org\/index.php?rest_route=\/wp\/v2\/types\/page"}],"author":[{"embeddable":true,"href":"https:\/\/danyfoundation.org\/index.php?rest_route=\/wp\/v2\/users\/1"}],"replies":[{"embeddable":true,"href":"https:\/\/danyfoundation.org\/index.php?rest_route=%2Fwp%2Fv2%2Fcomments&post=2"}],"version-history":[{"count":29,"href":"https:\/\/danyfoundation.org\/index.php?rest_route=\/wp\/v2\/pages\/2\/revisions"}],"predecessor-version":[{"id":1376,"href":"https:\/\/danyfoundation.org\/index.php?rest_route=\/wp\/v2\/pages\/2\/revisions\/1376"}],"wp:attachment":[{"href":"https:\/\/danyfoundation.org\/index.php?rest_route=%2Fwp%2Fv2%2Fmedia&parent=2"}],"curies":[{"name":"wp","href":"https:\/\/api.w.org\/{rel}","templated":true}]}}