{"id":41,"date":"2010-08-14T21:38:40","date_gmt":"2010-08-14T21:38:40","guid":{"rendered":"http:\/\/danyfoundation.org\/?page_id=41"},"modified":"2015-09-19T13:31:34","modified_gmt":"2015-09-19T11:31:34","slug":"doelgroep","status":"publish","type":"page","link":"https:\/\/danyfoundation.org\/?page_id=41&amp;lang=pt","title":{"rendered":"Grupo Alvo"},"content":{"rendered":"<p>Por ano\u00a0\u00e9 constatado mais de 50\u00a0pessoas\u00a0com cancro em Cabo Verde.\u00a0Um grave problema\u00a0 pois Cabo Verde\u00a0tem falta de medicos especialistas e de condi\u00e7\u00f5es materiais necessarios para o diagnostico precoce. Tamb\u00e9m\u00a0h\u00e1\u00a0v\u00e1rias outras doen\u00e7as sem tratamento em Cabo Verde.\u00a0Assim alguns dos doentes graves s\u00e3o evacuados para Portugal. Da parte\u00a0do governo Portugu\u00eas esses doentes s\u00e3o benificiados com a estadia nos hospitais e dos tratamentos medicos. O governo de Cabo Verde tem a responsabilidade da estadia dos doentes nas\u00a0pens\u00f5es em Portugal e os custos de transporte para Portugal.\u00a0Isso \u00e9 uma\u00a0obriga\u00e7\u00e3o financeira muito pesada para Cabo Verde que\u00a0ainda \u00e9 um pais no desenvolvimento. Ent\u00e3o acontece muitas vezes que os doentes evacuados n\u00e3o recebem os benificios necessarios. Essa situa\u00e7\u00e3o esta piorando porque cada ano chegam mais doentes. Neste momento j\u00e1 h\u00e1\u00a0mais que 300 doentes evacuados que residem em Lisboa.<\/p>\n<p>O governo Portugu\u00eas s\u00f3 permite a entrada a um determinado numero de doentes\u00a0 caboverdianos em Portugal.\u00a0Isso quer dizer que alguns dos doentes graves s\u00e3o obrigados a ficar em Cabo Verde resignando a morte inevit\u00e1\u00a0vel por falta de tratamentos medicos. Outros, com a ajuda de familia, conseguem arranjar algum dinheiro de passagem para Portugal, sem pensar os problemas de estadia, tratamentos etc. No caso de tratamentos longos\u00a0alguns deles n\u00e3o tem dinheiro para pagar pens\u00f5es e ficam na rua. At\u00e9\u00a0mesmo h\u00a0\u00e1 casos\u00a0de prostitui\u00e7\u00e3o.<\/p>\n<p>A\u00a0evacua\u00e7\u00e3o dos doentes para Portugal tamb\u00e9m traz consequencias aos familares desses em Cabo Verde.\u00a0As familias em Cabo Verde fazem tudo o possivel para contribuir com algum dinheiro para as despezas da\u00a0doente em Lisboa. Muitas vezes isso pode agravar a pobreza que eles j\u00e1 sofrem.\u00a0Ademais muitos doentes deixam filhos menores em casa. Caso doente ser unico em casa ganhador de dinheiro, os filhos ficam quase abandonados sem dinheiro e isso faz muita preocupa\u00e7\u00e3o ao doente evacuado.<\/p>\n<p>Informa\u00e7\u00f5es adicionais encontram-se dispon\u00edveis nos artigos seguintes:<\/p>\n<p><a href=\"https:\/\/danyfoundation.org\/?p=558&amp;lang=pt\">Reportagem Diario de Noticias<\/a><\/p>\n","protected":false},"excerpt":{"rendered":"<p>Por ano\u00a0\u00e9 constatado mais de 50\u00a0pessoas\u00a0com cancro em Cabo Verde.\u00a0Um grave problema\u00a0 pois Cabo Verde\u00a0tem falta de medicos especialistas e de condi\u00e7\u00f5es materiais necessarios para o diagnostico precoce. Tamb\u00e9m\u00a0h\u00e1\u00a0v\u00e1rias outras doen\u00e7as sem tratamento em Cabo Verde.\u00a0Assim alguns dos doentes graves s\u00e3o evacuados para Portugal. Da parte\u00a0do governo Portugu\u00eas esses doentes s\u00e3o benificiados com a estadia [&hellip;]<\/p>\n","protected":false},"author":1,"featured_media":0,"parent":0,"menu_order":4,"comment_status":"closed","ping_status":"closed","template":"","meta":{"footnotes":""},"yoast_head":"<!-- This site is optimized with the Yoast SEO plugin v23.5 - https:\/\/yoast.com\/wordpress\/plugins\/seo\/ -->\n<title>DoelgroepTarget GroupGrupo AlvoLes b\u00e9n\u00e9ficiaires - Dany Foundation<\/title>\n<meta name=\"robots\" content=\"index, follow, max-snippet:-1, max-image-preview:large, max-video-preview:-1\" \/>\n<link rel=\"canonical\" href=\"https:\/\/danyfoundation.org\/?page_id=41&amp;lang=pt\" \/>\n<meta property=\"og:locale\" content=\"pt_BR\" \/>\n<meta property=\"og:type\" content=\"article\" \/>\n<meta property=\"og:title\" content=\"DoelgroepTarget GroupGrupo AlvoLes b\u00e9n\u00e9ficiaires - Dany Foundation\" \/>\n<meta property=\"og:description\" content=\"Por ano\u00a0\u00e9 constatado mais de 50\u00a0pessoas\u00a0com cancro em Cabo Verde.\u00a0Um grave problema\u00a0 pois Cabo Verde\u00a0tem falta de medicos especialistas e de condi\u00e7\u00f5es materiais necessarios para o diagnostico precoce. Tamb\u00e9m\u00a0h\u00e1\u00a0v\u00e1rias outras doen\u00e7as sem tratamento em Cabo Verde.\u00a0Assim alguns dos doentes graves s\u00e3o evacuados para Portugal. Da parte\u00a0do governo Portugu\u00eas esses doentes s\u00e3o benificiados com a estadia [&hellip;]\" \/>\n<meta property=\"og:url\" content=\"https:\/\/danyfoundation.org\/?page_id=41\" \/>\n<meta property=\"og:site_name\" content=\"Dany Foundation\" \/>\n<meta property=\"article:modified_time\" content=\"2015-09-19T11:31:34+00:00\" \/>\n<meta property=\"og:image\" content=\"https:\/\/danyfoundation.org\/wp-content\/uploads\/2012p1-1024x724.jpg\" \/>\n<meta name=\"twitter:card\" content=\"summary_large_image\" \/>\n<meta name=\"twitter:label1\" content=\"Est. tempo de leitura\" \/>\n\t<meta name=\"twitter:data1\" content=\"9 minutes\" \/>\n<script type=\"application\/ld+json\" class=\"yoast-schema-graph\">{\"@context\":\"https:\/\/schema.org\",\"@graph\":[{\"@type\":\"WebPage\",\"@id\":\"https:\/\/danyfoundation.org\/?page_id=41\",\"url\":\"https:\/\/danyfoundation.org\/?page_id=41\",\"name\":\"DoelgroepTarget GroupGrupo AlvoLes b\u00e9n\u00e9ficiaires - Dany Foundation\",\"isPartOf\":{\"@id\":\"https:\/\/danyfoundation.org\/#website\"},\"primaryImageOfPage\":{\"@id\":\"https:\/\/danyfoundation.org\/?page_id=41#primaryimage\"},\"image\":{\"@id\":\"https:\/\/danyfoundation.org\/?page_id=41#primaryimage\"},\"thumbnailUrl\":\"https:\/\/danyfoundation.org\/wp-content\/uploads\/2012p1-1024x724.jpg\",\"datePublished\":\"2010-08-14T21:38:40+00:00\",\"dateModified\":\"2015-09-19T11:31:34+00:00\",\"breadcrumb\":{\"@id\":\"https:\/\/danyfoundation.org\/?page_id=41#breadcrumb\"},\"inLanguage\":\"pt-BR\",\"potentialAction\":[{\"@type\":\"ReadAction\",\"target\":[\"https:\/\/danyfoundation.org\/?page_id=41\"]}]},{\"@type\":\"ImageObject\",\"inLanguage\":\"pt-BR\",\"@id\":\"https:\/\/danyfoundation.org\/?page_id=41#primaryimage\",\"url\":\"https:\/\/danyfoundation.org\/wp-content\/uploads\/2012p1.jpg\",\"contentUrl\":\"https:\/\/danyfoundation.org\/wp-content\/uploads\/2012p1.jpg\",\"width\":\"1997\",\"height\":\"1412\"},{\"@type\":\"BreadcrumbList\",\"@id\":\"https:\/\/danyfoundation.org\/?page_id=41#breadcrumb\",\"itemListElement\":[{\"@type\":\"ListItem\",\"position\":1,\"name\":\"Home\",\"item\":\"https:\/\/danyfoundation.org\/\"},{\"@type\":\"ListItem\",\"position\":2,\"name\":\"Doelgroep\"}]},{\"@type\":\"WebSite\",\"@id\":\"https:\/\/danyfoundation.org\/#website\",\"url\":\"https:\/\/danyfoundation.org\/\",\"name\":\"Dany Foundation\",\"description\":\"Stichting voor Kaapverdiaanse pati\u00ebnten\",\"publisher\":{\"@id\":\"https:\/\/danyfoundation.org\/#organization\"},\"potentialAction\":[{\"@type\":\"SearchAction\",\"target\":{\"@type\":\"EntryPoint\",\"urlTemplate\":\"https:\/\/danyfoundation.org\/?s={search_term_string}\"},\"query-input\":{\"@type\":\"PropertyValueSpecification\",\"valueRequired\":true,\"valueName\":\"search_term_string\"}}],\"inLanguage\":\"pt-BR\"},{\"@type\":\"Organization\",\"@id\":\"https:\/\/danyfoundation.org\/#organization\",\"name\":\"Dany Foundation\",\"url\":\"https:\/\/danyfoundation.org\/\",\"logo\":{\"@type\":\"ImageObject\",\"inLanguage\":\"pt-BR\",\"@id\":\"https:\/\/danyfoundation.org\/#\/schema\/logo\/image\/\",\"url\":\"https:\/\/danyfoundation.org\/wp-content\/uploads\/danyfoundation.jpg\",\"contentUrl\":\"https:\/\/danyfoundation.org\/wp-content\/uploads\/danyfoundation.jpg\",\"width\":\"272\",\"height\":\"406\",\"caption\":\"Dany Foundation\"},\"image\":{\"@id\":\"https:\/\/danyfoundation.org\/#\/schema\/logo\/image\/\"}}]}<\/script>\n<!-- \/ Yoast SEO plugin. -->","yoast_head_json":{"title":"DoelgroepTarget GroupGrupo AlvoLes b\u00e9n\u00e9ficiaires - Dany Foundation","robots":{"index":"index","follow":"follow","max-snippet":"max-snippet:-1","max-image-preview":"max-image-preview:large","max-video-preview":"max-video-preview:-1"},"canonical":"https:\/\/danyfoundation.org\/?page_id=41","og_locale":"pt_BR","og_type":"article","og_title":"DoelgroepTarget GroupGrupo AlvoLes b\u00e9n\u00e9ficiaires - Dany Foundation","og_description":"Por ano\u00a0\u00e9 constatado mais de 50\u00a0pessoas\u00a0com cancro em Cabo Verde.\u00a0Um grave problema\u00a0 pois Cabo Verde\u00a0tem falta de medicos especialistas e de condi\u00e7\u00f5es materiais necessarios para o diagnostico precoce. Tamb\u00e9m\u00a0h\u00e1\u00a0v\u00e1rias outras doen\u00e7as sem tratamento em Cabo Verde.\u00a0Assim alguns dos doentes graves s\u00e3o evacuados para Portugal. Da parte\u00a0do governo Portugu\u00eas esses doentes s\u00e3o benificiados com a estadia [&hellip;]","og_url":"https:\/\/danyfoundation.org\/?page_id=41","og_site_name":"Dany Foundation","article_modified_time":"2015-09-19T11:31:34+00:00","og_image":[{"url":"https:\/\/danyfoundation.org\/wp-content\/uploads\/2012p1-1024x724.jpg"}],"twitter_card":"summary_large_image","twitter_misc":{"Est. tempo de leitura":"9 minutes"},"schema":{"@context":"https:\/\/schema.org","@graph":[{"@type":"WebPage","@id":"https:\/\/danyfoundation.org\/?page_id=41","url":"https:\/\/danyfoundation.org\/?page_id=41","name":"DoelgroepTarget GroupGrupo AlvoLes b\u00e9n\u00e9ficiaires - Dany Foundation","isPartOf":{"@id":"https:\/\/danyfoundation.org\/#website"},"primaryImageOfPage":{"@id":"https:\/\/danyfoundation.org\/?page_id=41#primaryimage"},"image":{"@id":"https:\/\/danyfoundation.org\/?page_id=41#primaryimage"},"thumbnailUrl":"https:\/\/danyfoundation.org\/wp-content\/uploads\/2012p1-1024x724.jpg","datePublished":"2010-08-14T21:38:40+00:00","dateModified":"2015-09-19T11:31:34+00:00","breadcrumb":{"@id":"https:\/\/danyfoundation.org\/?page_id=41#breadcrumb"},"inLanguage":"pt-BR","potentialAction":[{"@type":"ReadAction","target":["https:\/\/danyfoundation.org\/?page_id=41"]}]},{"@type":"ImageObject","inLanguage":"pt-BR","@id":"https:\/\/danyfoundation.org\/?page_id=41#primaryimage","url":"https:\/\/danyfoundation.org\/wp-content\/uploads\/2012p1.jpg","contentUrl":"https:\/\/danyfoundation.org\/wp-content\/uploads\/2012p1.jpg","width":"1997","height":"1412"},{"@type":"BreadcrumbList","@id":"https:\/\/danyfoundation.org\/?page_id=41#breadcrumb","itemListElement":[{"@type":"ListItem","position":1,"name":"Home","item":"https:\/\/danyfoundation.org\/"},{"@type":"ListItem","position":2,"name":"Doelgroep"}]},{"@type":"WebSite","@id":"https:\/\/danyfoundation.org\/#website","url":"https:\/\/danyfoundation.org\/","name":"Dany Foundation","description":"Stichting voor Kaapverdiaanse pati\u00ebnten","publisher":{"@id":"https:\/\/danyfoundation.org\/#organization"},"potentialAction":[{"@type":"SearchAction","target":{"@type":"EntryPoint","urlTemplate":"https:\/\/danyfoundation.org\/?s={search_term_string}"},"query-input":{"@type":"PropertyValueSpecification","valueRequired":true,"valueName":"search_term_string"}}],"inLanguage":"pt-BR"},{"@type":"Organization","@id":"https:\/\/danyfoundation.org\/#organization","name":"Dany Foundation","url":"https:\/\/danyfoundation.org\/","logo":{"@type":"ImageObject","inLanguage":"pt-BR","@id":"https:\/\/danyfoundation.org\/#\/schema\/logo\/image\/","url":"https:\/\/danyfoundation.org\/wp-content\/uploads\/danyfoundation.jpg","contentUrl":"https:\/\/danyfoundation.org\/wp-content\/uploads\/danyfoundation.jpg","width":"272","height":"406","caption":"Dany Foundation"},"image":{"@id":"https:\/\/danyfoundation.org\/#\/schema\/logo\/image\/"}}]}},"_links":{"self":[{"href":"https:\/\/danyfoundation.org\/index.php?rest_route=\/wp\/v2\/pages\/41"}],"collection":[{"href":"https:\/\/danyfoundation.org\/index.php?rest_route=\/wp\/v2\/pages"}],"about":[{"href":"https:\/\/danyfoundation.org\/index.php?rest_route=\/wp\/v2\/types\/page"}],"author":[{"embeddable":true,"href":"https:\/\/danyfoundation.org\/index.php?rest_route=\/wp\/v2\/users\/1"}],"replies":[{"embeddable":true,"href":"https:\/\/danyfoundation.org\/index.php?rest_route=%2Fwp%2Fv2%2Fcomments&post=41"}],"version-history":[{"count":25,"href":"https:\/\/danyfoundation.org\/index.php?rest_route=\/wp\/v2\/pages\/41\/revisions"}],"predecessor-version":[{"id":1403,"href":"https:\/\/danyfoundation.org\/index.php?rest_route=\/wp\/v2\/pages\/41\/revisions\/1403"}],"wp:attachment":[{"href":"https:\/\/danyfoundation.org\/index.php?rest_route=%2Fwp%2Fv2%2Fmedia&parent=41"}],"curies":[{"name":"wp","href":"https:\/\/api.w.org\/{rel}","templated":true}]}}