{"id":470,"date":"2010-08-25T23:23:39","date_gmt":"2010-08-25T21:23:39","guid":{"rendered":"http:\/\/danyfoundation.org\/?page_id=470"},"modified":"2015-09-14T16:15:57","modified_gmt":"2015-09-14T14:15:57","slug":"home","status":"publish","type":"page","link":"https:\/\/danyfoundation.org\/?lang=pt","title":{"rendered":"P\u00e1gina principal"},"content":{"rendered":"<p><strong>Sejam Bem-vindos!<\/strong><\/p>\n<p>Bemvindo ao site de Dany Foundation. Neste site encontra tudo sobre a Dany Foundation: informa\u00e7\u00f5es sobre a nossa historia, sobre nossa maneira de trabalhar e sobre as pessoas a quem queremos ajudar. Tamb\u00e9m informaremos neste site sobre os mais recentes acontecimentos e actividades do Dany Foundation.<\/p>\n<p>A Dany Foundation esta em permanente busca de parcerias, colaborac\u00f5es espontaneos e doa\u00e7\u00f5es. Precizamos da vossa colobara\u00e7\u00e3o para poder ajudar os doentes graves evacuados para Portugal. Doentes que longe da famila amada, longe da terra natal, sofrem muito da solid\u00e3o, angustia e saudades. Esses doentes n\u00e3o s\u00f3 precizam do apoio moral mas tamb\u00e9m da melhoria das condi\u00e7\u00f5es de vida.<\/p>\n<p>Ajude esses nossos conterraneos, vitimas de doen\u00e7as graves para que tenham melhores instala\u00e7\u00f5es, melhor alimenta\u00e7\u00e3o e melhor conforto. Condi\u00e7\u00f5es indispens\u00e1veis para que possam sonhar com uma possivel recupera\u00e7\u00e3o. Mesmo com 5 euros por m\u00eas pode ajudar. Fa\u00e7a a sua doa\u00e7\u00e3o! Tamb\u00e9m pode doar on-line atrav\u00e9s de PayPal.<\/p>\n<p>Stichting Dany Foundation, Haarlem, Holanda<br \/>\nCam\u00e1ra do Comercio no. 34266825<br \/>\nNumero do Banco: 5185695<br \/>\nNome do Banco: ING<br \/>\nIBAN: NL67INGB0005185695<br \/>\nBIC\/SWIFT: INGBNL2A<\/p>\n<p><a href=\"https:\/\/danyfoundation.org\/wp-content\/uploads\/dany.jpg\"><img loading=\"lazy\" decoding=\"async\" class=\"alignnone size-full wp-image-479\" title=\"dany\" src=\"https:\/\/danyfoundation.org\/wp-content\/uploads\/dany.jpg\" alt=\"\" width=\"526\" height=\"879\" srcset=\"https:\/\/danyfoundation.org\/wp-content\/uploads\/dany.jpg 526w, https:\/\/danyfoundation.org\/wp-content\/uploads\/dany-179x300.jpg 179w\" sizes=\"(max-width: 526px) 100vw, 526px\" \/><\/a><\/p>\n","protected":false},"excerpt":{"rendered":"<p>Sejam Bem-vindos! Bemvindo ao site de Dany Foundation. Neste site encontra tudo sobre a Dany Foundation: informa\u00e7\u00f5es sobre a nossa historia, sobre nossa maneira de trabalhar e sobre as pessoas a quem queremos ajudar. Tamb\u00e9m informaremos neste site sobre os mais recentes acontecimentos e actividades do Dany Foundation. A Dany Foundation esta em permanente busca [&hellip;]<\/p>\n","protected":false},"author":1,"featured_media":0,"parent":0,"menu_order":1,"comment_status":"closed","ping_status":"closed","template":"","meta":{"footnotes":""},"yoast_head":"<!-- This site is optimized with the Yoast SEO plugin v23.5 - https:\/\/yoast.com\/wordpress\/plugins\/seo\/ -->\n<title>HomepageHomepageP\u00e1gina principalAccueil - Dany Foundation<\/title>\n<meta name=\"robots\" content=\"index, follow, max-snippet:-1, max-image-preview:large, max-video-preview:-1\" \/>\n<link rel=\"canonical\" href=\"https:\/\/danyfoundation.org\/?lang=pt\" \/>\n<meta property=\"og:locale\" content=\"pt_BR\" \/>\n<meta property=\"og:type\" content=\"article\" \/>\n<meta property=\"og:title\" content=\"HomepageHomepageP\u00e1gina principalAccueil - Dany Foundation\" \/>\n<meta property=\"og:description\" content=\"Sejam Bem-vindos! Bemvindo ao site de Dany Foundation. Neste site encontra tudo sobre a Dany Foundation: informa\u00e7\u00f5es sobre a nossa historia, sobre nossa maneira de trabalhar e sobre as pessoas a quem queremos ajudar. Tamb\u00e9m informaremos neste site sobre os mais recentes acontecimentos e actividades do Dany Foundation. A Dany Foundation esta em permanente busca [&hellip;]\" \/>\n<meta property=\"og:url\" content=\"https:\/\/danyfoundation.org\/\" \/>\n<meta property=\"og:site_name\" content=\"Dany Foundation\" \/>\n<meta property=\"article:modified_time\" content=\"2015-09-14T14:15:57+00:00\" \/>\n<meta property=\"og:image\" content=\"https:\/\/danyfoundation.org\/wp-content\/uploads\/Clipboard01collage.jpg\" \/>\n<meta name=\"twitter:card\" content=\"summary_large_image\" \/>\n<meta name=\"twitter:label1\" content=\"Est. tempo de leitura\" \/>\n\t<meta name=\"twitter:data1\" content=\"6 minutes\" \/>\n<script type=\"application\/ld+json\" class=\"yoast-schema-graph\">{\"@context\":\"https:\/\/schema.org\",\"@graph\":[{\"@type\":\"WebPage\",\"@id\":\"https:\/\/danyfoundation.org\/\",\"url\":\"https:\/\/danyfoundation.org\/\",\"name\":\"HomepageHomepageP\u00e1gina principalAccueil - Dany Foundation\",\"isPartOf\":{\"@id\":\"https:\/\/danyfoundation.org\/#website\"},\"primaryImageOfPage\":{\"@id\":\"https:\/\/danyfoundation.org\/#primaryimage\"},\"image\":{\"@id\":\"https:\/\/danyfoundation.org\/#primaryimage\"},\"thumbnailUrl\":\"https:\/\/danyfoundation.org\/wp-content\/uploads\/Clipboard01collage.jpg\",\"datePublished\":\"2010-08-25T21:23:39+00:00\",\"dateModified\":\"2015-09-14T14:15:57+00:00\",\"breadcrumb\":{\"@id\":\"https:\/\/danyfoundation.org\/#breadcrumb\"},\"inLanguage\":\"pt-BR\",\"potentialAction\":[{\"@type\":\"ReadAction\",\"target\":[\"https:\/\/danyfoundation.org\/\"]}]},{\"@type\":\"ImageObject\",\"inLanguage\":\"pt-BR\",\"@id\":\"https:\/\/danyfoundation.org\/#primaryimage\",\"url\":\"https:\/\/danyfoundation.org\/wp-content\/uploads\/Clipboard01collage.jpg\",\"contentUrl\":\"https:\/\/danyfoundation.org\/wp-content\/uploads\/Clipboard01collage.jpg\",\"width\":\"569\",\"height\":\"553\"},{\"@type\":\"BreadcrumbList\",\"@id\":\"https:\/\/danyfoundation.org\/#breadcrumb\",\"itemListElement\":[{\"@type\":\"ListItem\",\"position\":1,\"name\":\"Home\",\"item\":\"https:\/\/danyfoundation.org\/\"},{\"@type\":\"ListItem\",\"position\":2,\"name\":\"Homepage\"}]},{\"@type\":\"WebSite\",\"@id\":\"https:\/\/danyfoundation.org\/#website\",\"url\":\"https:\/\/danyfoundation.org\/\",\"name\":\"Dany Foundation\",\"description\":\"Stichting voor Kaapverdiaanse pati\u00ebnten\",\"publisher\":{\"@id\":\"https:\/\/danyfoundation.org\/#organization\"},\"potentialAction\":[{\"@type\":\"SearchAction\",\"target\":{\"@type\":\"EntryPoint\",\"urlTemplate\":\"https:\/\/danyfoundation.org\/?s={search_term_string}\"},\"query-input\":{\"@type\":\"PropertyValueSpecification\",\"valueRequired\":true,\"valueName\":\"search_term_string\"}}],\"inLanguage\":\"pt-BR\"},{\"@type\":\"Organization\",\"@id\":\"https:\/\/danyfoundation.org\/#organization\",\"name\":\"Dany Foundation\",\"url\":\"https:\/\/danyfoundation.org\/\",\"logo\":{\"@type\":\"ImageObject\",\"inLanguage\":\"pt-BR\",\"@id\":\"https:\/\/danyfoundation.org\/#\/schema\/logo\/image\/\",\"url\":\"https:\/\/danyfoundation.org\/wp-content\/uploads\/danyfoundation.jpg\",\"contentUrl\":\"https:\/\/danyfoundation.org\/wp-content\/uploads\/danyfoundation.jpg\",\"width\":\"272\",\"height\":\"406\",\"caption\":\"Dany Foundation\"},\"image\":{\"@id\":\"https:\/\/danyfoundation.org\/#\/schema\/logo\/image\/\"}}]}<\/script>\n<!-- \/ Yoast SEO plugin. -->","yoast_head_json":{"title":"HomepageHomepageP\u00e1gina principalAccueil - Dany Foundation","robots":{"index":"index","follow":"follow","max-snippet":"max-snippet:-1","max-image-preview":"max-image-preview:large","max-video-preview":"max-video-preview:-1"},"canonical":"https:\/\/danyfoundation.org\/","og_locale":"pt_BR","og_type":"article","og_title":"HomepageHomepageP\u00e1gina principalAccueil - Dany Foundation","og_description":"Sejam Bem-vindos! Bemvindo ao site de Dany Foundation. Neste site encontra tudo sobre a Dany Foundation: informa\u00e7\u00f5es sobre a nossa historia, sobre nossa maneira de trabalhar e sobre as pessoas a quem queremos ajudar. Tamb\u00e9m informaremos neste site sobre os mais recentes acontecimentos e actividades do Dany Foundation. A Dany Foundation esta em permanente busca [&hellip;]","og_url":"https:\/\/danyfoundation.org\/","og_site_name":"Dany Foundation","article_modified_time":"2015-09-14T14:15:57+00:00","og_image":[{"url":"https:\/\/danyfoundation.org\/wp-content\/uploads\/Clipboard01collage.jpg"}],"twitter_card":"summary_large_image","twitter_misc":{"Est. tempo de leitura":"6 minutes"},"schema":{"@context":"https:\/\/schema.org","@graph":[{"@type":"WebPage","@id":"https:\/\/danyfoundation.org\/","url":"https:\/\/danyfoundation.org\/","name":"HomepageHomepageP\u00e1gina principalAccueil - Dany Foundation","isPartOf":{"@id":"https:\/\/danyfoundation.org\/#website"},"primaryImageOfPage":{"@id":"https:\/\/danyfoundation.org\/#primaryimage"},"image":{"@id":"https:\/\/danyfoundation.org\/#primaryimage"},"thumbnailUrl":"https:\/\/danyfoundation.org\/wp-content\/uploads\/Clipboard01collage.jpg","datePublished":"2010-08-25T21:23:39+00:00","dateModified":"2015-09-14T14:15:57+00:00","breadcrumb":{"@id":"https:\/\/danyfoundation.org\/#breadcrumb"},"inLanguage":"pt-BR","potentialAction":[{"@type":"ReadAction","target":["https:\/\/danyfoundation.org\/"]}]},{"@type":"ImageObject","inLanguage":"pt-BR","@id":"https:\/\/danyfoundation.org\/#primaryimage","url":"https:\/\/danyfoundation.org\/wp-content\/uploads\/Clipboard01collage.jpg","contentUrl":"https:\/\/danyfoundation.org\/wp-content\/uploads\/Clipboard01collage.jpg","width":"569","height":"553"},{"@type":"BreadcrumbList","@id":"https:\/\/danyfoundation.org\/#breadcrumb","itemListElement":[{"@type":"ListItem","position":1,"name":"Home","item":"https:\/\/danyfoundation.org\/"},{"@type":"ListItem","position":2,"name":"Homepage"}]},{"@type":"WebSite","@id":"https:\/\/danyfoundation.org\/#website","url":"https:\/\/danyfoundation.org\/","name":"Dany Foundation","description":"Stichting voor Kaapverdiaanse pati\u00ebnten","publisher":{"@id":"https:\/\/danyfoundation.org\/#organization"},"potentialAction":[{"@type":"SearchAction","target":{"@type":"EntryPoint","urlTemplate":"https:\/\/danyfoundation.org\/?s={search_term_string}"},"query-input":{"@type":"PropertyValueSpecification","valueRequired":true,"valueName":"search_term_string"}}],"inLanguage":"pt-BR"},{"@type":"Organization","@id":"https:\/\/danyfoundation.org\/#organization","name":"Dany Foundation","url":"https:\/\/danyfoundation.org\/","logo":{"@type":"ImageObject","inLanguage":"pt-BR","@id":"https:\/\/danyfoundation.org\/#\/schema\/logo\/image\/","url":"https:\/\/danyfoundation.org\/wp-content\/uploads\/danyfoundation.jpg","contentUrl":"https:\/\/danyfoundation.org\/wp-content\/uploads\/danyfoundation.jpg","width":"272","height":"406","caption":"Dany Foundation"},"image":{"@id":"https:\/\/danyfoundation.org\/#\/schema\/logo\/image\/"}}]}},"_links":{"self":[{"href":"https:\/\/danyfoundation.org\/index.php?rest_route=\/wp\/v2\/pages\/470"}],"collection":[{"href":"https:\/\/danyfoundation.org\/index.php?rest_route=\/wp\/v2\/pages"}],"about":[{"href":"https:\/\/danyfoundation.org\/index.php?rest_route=\/wp\/v2\/types\/page"}],"author":[{"embeddable":true,"href":"https:\/\/danyfoundation.org\/index.php?rest_route=\/wp\/v2\/users\/1"}],"replies":[{"embeddable":true,"href":"https:\/\/danyfoundation.org\/index.php?rest_route=%2Fwp%2Fv2%2Fcomments&post=470"}],"version-history":[{"count":30,"href":"https:\/\/danyfoundation.org\/index.php?rest_route=\/wp\/v2\/pages\/470\/revisions"}],"predecessor-version":[{"id":1361,"href":"https:\/\/danyfoundation.org\/index.php?rest_route=\/wp\/v2\/pages\/470\/revisions\/1361"}],"wp:attachment":[{"href":"https:\/\/danyfoundation.org\/index.php?rest_route=%2Fwp%2Fv2%2Fmedia&parent=470"}],"curies":[{"name":"wp","href":"https:\/\/api.w.org\/{rel}","templated":true}]}}