{"id":50,"date":"2010-08-14T21:54:27","date_gmt":"2010-08-14T21:54:27","guid":{"rendered":"http:\/\/danyfoundation.org\/?page_id=50"},"modified":"2015-09-19T11:23:31","modified_gmt":"2015-09-19T09:23:31","slug":"plan-van-aanpak","status":"publish","type":"page","link":"https:\/\/danyfoundation.org\/?page_id=50&amp;lang=pt","title":{"rendered":"Plano de Ac\u00e7\u00e3o"},"content":{"rendered":"<\/li>\n<\/ul>\n<div id=\"attachment_1216\" style=\"width: 624px\" class=\"wp-caption aligncenter\"><a href=\"https:\/\/danyfoundation.org\/wp-content\/uploads\/2013-collage.jpg\" target=\"_blank\"><img loading=\"lazy\" decoding=\"async\" aria-describedby=\"caption-attachment-1216\" class=\"wp-image-1216 size-large\" title=\"2013 (collage)\" src=\"https:\/\/danyfoundation.org\/wp-content\/uploads\/2013-collage-1024x724.jpg\" alt=\"\" width=\"614\" height=\"434\" srcset=\"https:\/\/danyfoundation.org\/wp-content\/uploads\/2013-collage-1024x724.jpg 1024w, https:\/\/danyfoundation.org\/wp-content\/uploads\/2013-collage-300x212.jpg 300w, https:\/\/danyfoundation.org\/wp-content\/uploads\/2013-collage.jpg 1946w\" sizes=\"(max-width: 614px) 100vw, 614px\" \/><\/a><p id=\"caption-attachment-1216\" class=\"wp-caption-text\">Cape Verde<\/p><\/div>\n<p>&nbsp;<\/p>\n<div id=\"attachment_1217\" style=\"width: 624px\" class=\"wp-caption aligncenter\"><a href=\"https:\/\/danyfoundation.org\/wp-content\/uploads\/10-2007-Lisboa-jantar-14.jpg\" target=\"_blank\"><img loading=\"lazy\" decoding=\"async\" aria-describedby=\"caption-attachment-1217\" class=\"wp-image-1217 size-large\" title=\"10 - 2007 Lisboa jantar (14)\" src=\"https:\/\/danyfoundation.org\/wp-content\/uploads\/10-2007-Lisboa-jantar-14-1024x768.jpg\" alt=\"\" width=\"614\" height=\"461\" srcset=\"https:\/\/danyfoundation.org\/wp-content\/uploads\/10-2007-Lisboa-jantar-14-1024x768.jpg 1024w, https:\/\/danyfoundation.org\/wp-content\/uploads\/10-2007-Lisboa-jantar-14-300x225.jpg 300w, https:\/\/danyfoundation.org\/wp-content\/uploads\/10-2007-Lisboa-jantar-14.jpg 2048w\" sizes=\"(max-width: 614px) 100vw, 614px\" \/><\/a><p id=\"caption-attachment-1217\" class=\"wp-caption-text\">Dinner party for patients in Lisbon<\/p><\/div>\n<p>&nbsp;<\/p>\n<div id=\"attachment_1218\" style=\"width: 624px\" class=\"wp-caption aligncenter\"><a href=\"https:\/\/danyfoundation.org\/wp-content\/uploads\/3-001.jpg\" target=\"_blank\"><img loading=\"lazy\" decoding=\"async\" aria-describedby=\"caption-attachment-1218\" class=\"wp-image-1218 size-large\" title=\"School Marcelino da Silva in Ribeira da Cruz\" src=\"https:\/\/danyfoundation.org\/wp-content\/uploads\/3-001-1024x768.jpg\" alt=\"\" width=\"614\" height=\"461\" srcset=\"https:\/\/danyfoundation.org\/wp-content\/uploads\/3-001-1024x768.jpg 1024w, https:\/\/danyfoundation.org\/wp-content\/uploads\/3-001-300x225.jpg 300w, https:\/\/danyfoundation.org\/wp-content\/uploads\/3-001.jpg 1600w\" sizes=\"(max-width: 614px) 100vw, 614px\" \/><\/a><p id=\"caption-attachment-1218\" class=\"wp-caption-text\">Project Marcelino Silva school in Santo Ant\u00e3o<\/p><\/div>\n<p style=\"text-align: center;\">\n<p><strong>Objectivos<\/strong><\/p>\n<ul>\n<li>Constru\u00e7\u00e3o de um pr\u00e9dio com capacidade para dar moradia a 50 doentes.<\/li>\n<li>Criar possibildades para melhorar condi\u00e7\u00f5es de estadia nas pens\u00f5es donde vivem doentes caboverdianos.<\/li>\n<li>Aliviar a preocupa\u00e7\u00e3o mental dos doentes. Isto possivelmente benificia uma prospera recupera\u00e7\u00e3o. Dar assistencia e conforto aos doentes terminais.<\/li>\n<\/ul>\n<p><strong>Procedimento<\/strong><\/p>\n<ul>\n<li>Coopera\u00e7\u00e3o com o FASCP, uma organiza\u00e7\u00e3o Caboverdiana em Lisboa que conhece muito bem a situa\u00e7\u00e3o local; com as autoridades Portuguesas e Caboverdeanas e com doutores Portugueses e Caboverdianos.<\/li>\n<li>Adquirir materiais para agradar a estadia dos doentes (televis\u00e3o, roupas (de inverno), internet, brinquedos etc.)<\/li>\n<li>Empreender actividades para os doentes se relaxarem.<\/li>\n<li>Apoio aos familiares dos doentes em Cabo Verde (melhoria de contactos, apoio financeiro, materiais escolares e vestuario)<\/li>\n<\/ul>\n<p><strong>Financiamento<\/strong><\/p>\n<p>Dentro de pouco tempo, se for possivel, queremos ter meios sufficientes para come\u00e7ar construir o lar. V\u00e1rios financeiros: donativos particulares, empresarios, associa\u00e7\u00f4es semelhantes, subs\u00eddios. Com o tempo pretendemos que o financiamento seja pago totalmente pela comunidade caboverdiana na di\u00e1spora e em Cabo Verde (financiamento autosustent\u00e1vel).<\/p>\n","protected":false},"excerpt":{"rendered":"<p>&nbsp; &nbsp; Objectivos Constru\u00e7\u00e3o de um pr\u00e9dio com capacidade para dar moradia a 50 doentes. Criar possibildades para melhorar condi\u00e7\u00f5es de estadia nas pens\u00f5es donde vivem doentes caboverdianos. Aliviar a preocupa\u00e7\u00e3o mental dos doentes. Isto possivelmente benificia uma prospera recupera\u00e7\u00e3o. Dar assistencia e conforto aos doentes terminais. Procedimento Coopera\u00e7\u00e3o com o FASCP, uma organiza\u00e7\u00e3o Caboverdiana [&hellip;]<\/p>\n","protected":false},"author":1,"featured_media":0,"parent":0,"menu_order":5,"comment_status":"closed","ping_status":"closed","template":"","meta":{"footnotes":""},"yoast_head":"<!-- This site is optimized with the Yoast SEO plugin v23.5 - https:\/\/yoast.com\/wordpress\/plugins\/seo\/ -->\n<title>ActieplanPlan of ActionPlano de Ac\u00e7\u00e3oPlan d&#039;Action - Dany Foundation<\/title>\n<meta name=\"robots\" content=\"index, follow, max-snippet:-1, max-image-preview:large, max-video-preview:-1\" \/>\n<link rel=\"canonical\" href=\"https:\/\/danyfoundation.org\/?page_id=50&amp;lang=pt\" \/>\n<meta property=\"og:locale\" content=\"pt_BR\" \/>\n<meta property=\"og:type\" content=\"article\" \/>\n<meta property=\"og:title\" content=\"ActieplanPlan of ActionPlano de Ac\u00e7\u00e3oPlan d&#039;Action - Dany Foundation\" \/>\n<meta property=\"og:description\" content=\"&nbsp; &nbsp; Objectivos Constru\u00e7\u00e3o de um pr\u00e9dio com capacidade para dar moradia a 50 doentes. Criar possibildades para melhorar condi\u00e7\u00f5es de estadia nas pens\u00f5es donde vivem doentes caboverdianos. Aliviar a preocupa\u00e7\u00e3o mental dos doentes. Isto possivelmente benificia uma prospera recupera\u00e7\u00e3o. Dar assistencia e conforto aos doentes terminais. Procedimento Coopera\u00e7\u00e3o com o FASCP, uma organiza\u00e7\u00e3o Caboverdiana [&hellip;]\" \/>\n<meta property=\"og:url\" content=\"https:\/\/danyfoundation.org\/?page_id=50\" \/>\n<meta property=\"og:site_name\" content=\"Dany Foundation\" \/>\n<meta property=\"article:modified_time\" content=\"2015-09-19T09:23:31+00:00\" \/>\n<meta property=\"og:image\" content=\"https:\/\/danyfoundation.org\/wp-content\/uploads\/2013-collage-1024x724.jpg\" \/>\n<meta name=\"twitter:card\" content=\"summary_large_image\" \/>\n<meta name=\"twitter:label1\" content=\"Est. tempo de leitura\" \/>\n\t<meta name=\"twitter:data1\" content=\"4 minutes\" \/>\n<script type=\"application\/ld+json\" class=\"yoast-schema-graph\">{\"@context\":\"https:\/\/schema.org\",\"@graph\":[{\"@type\":\"WebPage\",\"@id\":\"https:\/\/danyfoundation.org\/?page_id=50\",\"url\":\"https:\/\/danyfoundation.org\/?page_id=50\",\"name\":\"ActieplanPlan of ActionPlano de Ac\u00e7\u00e3oPlan d'Action - Dany Foundation\",\"isPartOf\":{\"@id\":\"https:\/\/danyfoundation.org\/#website\"},\"primaryImageOfPage\":{\"@id\":\"https:\/\/danyfoundation.org\/?page_id=50#primaryimage\"},\"image\":{\"@id\":\"https:\/\/danyfoundation.org\/?page_id=50#primaryimage\"},\"thumbnailUrl\":\"https:\/\/danyfoundation.org\/wp-content\/uploads\/2013-collage-1024x724.jpg\",\"datePublished\":\"2010-08-14T21:54:27+00:00\",\"dateModified\":\"2015-09-19T09:23:31+00:00\",\"breadcrumb\":{\"@id\":\"https:\/\/danyfoundation.org\/?page_id=50#breadcrumb\"},\"inLanguage\":\"pt-BR\",\"potentialAction\":[{\"@type\":\"ReadAction\",\"target\":[\"https:\/\/danyfoundation.org\/?page_id=50\"]}]},{\"@type\":\"ImageObject\",\"inLanguage\":\"pt-BR\",\"@id\":\"https:\/\/danyfoundation.org\/?page_id=50#primaryimage\",\"url\":\"https:\/\/danyfoundation.org\/wp-content\/uploads\/2013-collage.jpg\",\"contentUrl\":\"https:\/\/danyfoundation.org\/wp-content\/uploads\/2013-collage.jpg\",\"width\":\"1946\",\"height\":\"1376\"},{\"@type\":\"BreadcrumbList\",\"@id\":\"https:\/\/danyfoundation.org\/?page_id=50#breadcrumb\",\"itemListElement\":[{\"@type\":\"ListItem\",\"position\":1,\"name\":\"Home\",\"item\":\"https:\/\/danyfoundation.org\/\"},{\"@type\":\"ListItem\",\"position\":2,\"name\":\"Actieplan\"}]},{\"@type\":\"WebSite\",\"@id\":\"https:\/\/danyfoundation.org\/#website\",\"url\":\"https:\/\/danyfoundation.org\/\",\"name\":\"Dany Foundation\",\"description\":\"Stichting voor Kaapverdiaanse pati\u00ebnten\",\"publisher\":{\"@id\":\"https:\/\/danyfoundation.org\/#organization\"},\"potentialAction\":[{\"@type\":\"SearchAction\",\"target\":{\"@type\":\"EntryPoint\",\"urlTemplate\":\"https:\/\/danyfoundation.org\/?s={search_term_string}\"},\"query-input\":{\"@type\":\"PropertyValueSpecification\",\"valueRequired\":true,\"valueName\":\"search_term_string\"}}],\"inLanguage\":\"pt-BR\"},{\"@type\":\"Organization\",\"@id\":\"https:\/\/danyfoundation.org\/#organization\",\"name\":\"Dany Foundation\",\"url\":\"https:\/\/danyfoundation.org\/\",\"logo\":{\"@type\":\"ImageObject\",\"inLanguage\":\"pt-BR\",\"@id\":\"https:\/\/danyfoundation.org\/#\/schema\/logo\/image\/\",\"url\":\"https:\/\/danyfoundation.org\/wp-content\/uploads\/danyfoundation.jpg\",\"contentUrl\":\"https:\/\/danyfoundation.org\/wp-content\/uploads\/danyfoundation.jpg\",\"width\":\"272\",\"height\":\"406\",\"caption\":\"Dany Foundation\"},\"image\":{\"@id\":\"https:\/\/danyfoundation.org\/#\/schema\/logo\/image\/\"}}]}<\/script>\n<!-- \/ Yoast SEO plugin. -->","yoast_head_json":{"title":"ActieplanPlan of ActionPlano de Ac\u00e7\u00e3oPlan d'Action - Dany Foundation","robots":{"index":"index","follow":"follow","max-snippet":"max-snippet:-1","max-image-preview":"max-image-preview:large","max-video-preview":"max-video-preview:-1"},"canonical":"https:\/\/danyfoundation.org\/?page_id=50","og_locale":"pt_BR","og_type":"article","og_title":"ActieplanPlan of ActionPlano de Ac\u00e7\u00e3oPlan d'Action - Dany Foundation","og_description":"&nbsp; &nbsp; Objectivos Constru\u00e7\u00e3o de um pr\u00e9dio com capacidade para dar moradia a 50 doentes. Criar possibildades para melhorar condi\u00e7\u00f5es de estadia nas pens\u00f5es donde vivem doentes caboverdianos. Aliviar a preocupa\u00e7\u00e3o mental dos doentes. Isto possivelmente benificia uma prospera recupera\u00e7\u00e3o. Dar assistencia e conforto aos doentes terminais. Procedimento Coopera\u00e7\u00e3o com o FASCP, uma organiza\u00e7\u00e3o Caboverdiana [&hellip;]","og_url":"https:\/\/danyfoundation.org\/?page_id=50","og_site_name":"Dany Foundation","article_modified_time":"2015-09-19T09:23:31+00:00","og_image":[{"url":"https:\/\/danyfoundation.org\/wp-content\/uploads\/2013-collage-1024x724.jpg"}],"twitter_card":"summary_large_image","twitter_misc":{"Est. tempo de leitura":"4 minutes"},"schema":{"@context":"https:\/\/schema.org","@graph":[{"@type":"WebPage","@id":"https:\/\/danyfoundation.org\/?page_id=50","url":"https:\/\/danyfoundation.org\/?page_id=50","name":"ActieplanPlan of ActionPlano de Ac\u00e7\u00e3oPlan d'Action - Dany Foundation","isPartOf":{"@id":"https:\/\/danyfoundation.org\/#website"},"primaryImageOfPage":{"@id":"https:\/\/danyfoundation.org\/?page_id=50#primaryimage"},"image":{"@id":"https:\/\/danyfoundation.org\/?page_id=50#primaryimage"},"thumbnailUrl":"https:\/\/danyfoundation.org\/wp-content\/uploads\/2013-collage-1024x724.jpg","datePublished":"2010-08-14T21:54:27+00:00","dateModified":"2015-09-19T09:23:31+00:00","breadcrumb":{"@id":"https:\/\/danyfoundation.org\/?page_id=50#breadcrumb"},"inLanguage":"pt-BR","potentialAction":[{"@type":"ReadAction","target":["https:\/\/danyfoundation.org\/?page_id=50"]}]},{"@type":"ImageObject","inLanguage":"pt-BR","@id":"https:\/\/danyfoundation.org\/?page_id=50#primaryimage","url":"https:\/\/danyfoundation.org\/wp-content\/uploads\/2013-collage.jpg","contentUrl":"https:\/\/danyfoundation.org\/wp-content\/uploads\/2013-collage.jpg","width":"1946","height":"1376"},{"@type":"BreadcrumbList","@id":"https:\/\/danyfoundation.org\/?page_id=50#breadcrumb","itemListElement":[{"@type":"ListItem","position":1,"name":"Home","item":"https:\/\/danyfoundation.org\/"},{"@type":"ListItem","position":2,"name":"Actieplan"}]},{"@type":"WebSite","@id":"https:\/\/danyfoundation.org\/#website","url":"https:\/\/danyfoundation.org\/","name":"Dany Foundation","description":"Stichting voor Kaapverdiaanse pati\u00ebnten","publisher":{"@id":"https:\/\/danyfoundation.org\/#organization"},"potentialAction":[{"@type":"SearchAction","target":{"@type":"EntryPoint","urlTemplate":"https:\/\/danyfoundation.org\/?s={search_term_string}"},"query-input":{"@type":"PropertyValueSpecification","valueRequired":true,"valueName":"search_term_string"}}],"inLanguage":"pt-BR"},{"@type":"Organization","@id":"https:\/\/danyfoundation.org\/#organization","name":"Dany Foundation","url":"https:\/\/danyfoundation.org\/","logo":{"@type":"ImageObject","inLanguage":"pt-BR","@id":"https:\/\/danyfoundation.org\/#\/schema\/logo\/image\/","url":"https:\/\/danyfoundation.org\/wp-content\/uploads\/danyfoundation.jpg","contentUrl":"https:\/\/danyfoundation.org\/wp-content\/uploads\/danyfoundation.jpg","width":"272","height":"406","caption":"Dany Foundation"},"image":{"@id":"https:\/\/danyfoundation.org\/#\/schema\/logo\/image\/"}}]}},"_links":{"self":[{"href":"https:\/\/danyfoundation.org\/index.php?rest_route=\/wp\/v2\/pages\/50"}],"collection":[{"href":"https:\/\/danyfoundation.org\/index.php?rest_route=\/wp\/v2\/pages"}],"about":[{"href":"https:\/\/danyfoundation.org\/index.php?rest_route=\/wp\/v2\/types\/page"}],"author":[{"embeddable":true,"href":"https:\/\/danyfoundation.org\/index.php?rest_route=\/wp\/v2\/users\/1"}],"replies":[{"embeddable":true,"href":"https:\/\/danyfoundation.org\/index.php?rest_route=%2Fwp%2Fv2%2Fcomments&post=50"}],"version-history":[{"count":20,"href":"https:\/\/danyfoundation.org\/index.php?rest_route=\/wp\/v2\/pages\/50\/revisions"}],"predecessor-version":[{"id":1394,"href":"https:\/\/danyfoundation.org\/index.php?rest_route=\/wp\/v2\/pages\/50\/revisions\/1394"}],"wp:attachment":[{"href":"https:\/\/danyfoundation.org\/index.php?rest_route=%2Fwp%2Fv2%2Fmedia&parent=50"}],"curies":[{"name":"wp","href":"https:\/\/api.w.org\/{rel}","templated":true}]}}