{"id":2,"date":"2010-08-14T19:46:37","date_gmt":"2010-08-14T19:46:37","guid":{"rendered":"http:\/\/danyfoundation.org\/?page_id=2"},"modified":"2015-09-18T11:07:56","modified_gmt":"2015-09-18T09:07:56","slug":"over","status":"publish","type":"page","link":"https:\/\/danyfoundation.org\/?page_id=2","title":{"rendered":"Dany Estev\u00e3o"},"content":{"rendered":"<p><em>Dany Estev\u00e3o vocht 15 maanden tegen leukemie. Een ongelijke strijd die hem noodlottig werd&#8230;<\/em><\/p>\n<blockquote><p>Het ergste is dat ik niet verder kan met m\u2019n leven, mijn opleiding en mijn vrienden. Ik had altijd de ambitie om te studeren, om een goede baan te vinden, om iemand te zijn. Met bezwaard hart denk ik terug aan mijn familie in Kaapverdi\u00eb die ik z\u00f3 graag had willen helpen zodra deze ziekte met Gods steun voorbij zou zijn, want ik weet uit eigen ervaring hoe zwaar het leven daar kan zijn.<\/p><\/blockquote>\n<p><a href=\"https:\/\/danyfoundation.org\/wp-content\/uploads\/danyfoundation.jpg\"><img loading=\"lazy\" decoding=\"async\" class=\"alignright size-full wp-image-17\" title=\"Dany Estev\u00e3o\" src=\"https:\/\/danyfoundation.org\/wp-content\/uploads\/danyfoundation.jpg\" alt=\"Dany Estev\u00e3o\" width=\"272\" height=\"406\" srcset=\"https:\/\/danyfoundation.org\/wp-content\/uploads\/danyfoundation.jpg 272w, https:\/\/danyfoundation.org\/wp-content\/uploads\/danyfoundation-200x300.jpg 200w\" sizes=\"(max-width: 272px) 100vw, 272px\" \/><\/a><\/p>\n<p>De Dany Foundation is vernoemd naar Dany Estev\u00e3o, een Kaapverdiaanse jongen die negentien jaar oud is geworden. Na een zware strijd van 15 maanden is hij uiteindelijk toch overleden aan de gevolgen van leukemie. Dany was een veelbelovende student afkomstig uit een arm gezin. Zijn moeder overleed toen hij 15 jaar oud was. Hij studeerde \u2018s avonds aan een hoge school in S\u00e3o Vicente in Kaapverdi\u00eb. Overdags werkte hij om zijn studie te betalen en thuis te kunnen helpen met wat geld. Grace Beatriz, een vriendin van Dany en oprichtster van de Dany Foundation, vertelt:<\/p>\n<p>\u201cVia via kwam ik te horen over hem en zijn verslechterende gezondheid en naarmate ik meer te horen kreeg voelde ik me meer betrokken bij alles wat deze jongen en zijn familie mee maakte. Ik wilde heel graag helpen op wat voor manier dan ook. Dany werd uiteindelijk overgebracht naar een ziekenhuis in Lissabon, omdat de medici in Kaapverdi\u00eb geen diagnose konden maken van zijn ziekte. Drie dagen nadat hij was aangekomen, vloog ik naar Lissabon om hem te bezoeken in het ziekenhuis. Hij kende mij niet en ik kende hem niet maar vanaf die dag heb ik hem nooit meer verlaten.<\/p>\n<p>Er volgde een lange strijd. Een strijd tegen kanker. Dany had namelijk acute leukemie. \u00c9\u00e9n jaar lang heb ik samen met hem tegen die ziekte gevochten. Een ongelijke strijd die Dany op 5 december 2003 heeft verloren. Dany heeft naast lichamelijke pijn ook veel geleden aan eenzaamheid omdat hij zich tijdens zijn verblijf van meer dan een jaar in Portugal, een vreemd land voor hem, heel ge\u00efsoleerd voelde. Zijn ervaringen heeft hij op papier gezet. En ik heb hem toen beloofd om een boek te schrijven over zijn pijn en verdriet op basis van zijn aantekeningen en mijn eigen dagboek dat ik toendertijd bijhield. Dany wilde via dit boek ook de aandacht vestigen op alle mensen in Kaapverdi\u00eb die net als hem aan een ernstige ziekte lijden en niet adequaat behandeld kunnen worden in hun moederland. Ik heb dit boek &#8220;Saudades do Dany&#8221; uiteindelijk op eigen kosten kunnen laten uitgeven en met veel succes persoonlijk gepromoot in Kaapverdi\u00eb zelf maar ook in de Kaapverdiaanse migrantengemeenschappen van Nederland, Luxemburg, Portugal, Itali\u00eb, Frankrijk en de Verenigde Staten.<\/p>\n<p>Het was Dany\u2019s droom om in Lissabon een tehuis te laten bouwen om onderdak te geven aan zieke mensen uit Kaapverdi\u00eb. Een plek met een gemoedelijke ambiance waardoor deze mensen de gelegenheid wordt gegeven om zich te ontspannen en daardoor hun ziekte en zorgen tijdelijk te vergeten. Deze droom wil ik voortzetten. Na het schrijven van een boek over zijn lijdensweg en de internationale promotie hiervan vormt de oprichting van de Dany Foundation een 2e fase in het realiseren van zijn droom.\u201d<\/p>\n<p style=\"text-align: center;\"><a href=\"https:\/\/danyfoundation.org\/wp-content\/uploads\/5-2005-USA-3.jpg\"><img loading=\"lazy\" decoding=\"async\" class=\"aligncenter size-full wp-image-1211\" title=\"5 - 2005 USA (3)\" src=\"https:\/\/danyfoundation.org\/wp-content\/uploads\/5-2005-USA-3.jpg\" alt=\"\" width=\"540\" height=\"360\" srcset=\"https:\/\/danyfoundation.org\/wp-content\/uploads\/5-2005-USA-3.jpg 600w, https:\/\/danyfoundation.org\/wp-content\/uploads\/5-2005-USA-3-300x200.jpg 300w\" sizes=\"(max-width: 540px) 100vw, 540px\" \/><\/a><\/p>\n","protected":false},"excerpt":{"rendered":"<p>Dany Estev\u00e3o vocht 15 maanden tegen leukemie. Een ongelijke strijd die hem noodlottig werd&#8230; Het ergste is dat ik niet verder kan met m\u2019n leven, mijn opleiding en mijn vrienden. Ik had altijd de ambitie om te studeren, om een goede baan te vinden, om iemand te zijn. Met bezwaard hart denk ik terug aan [&hellip;]<\/p>\n","protected":false},"author":1,"featured_media":0,"parent":0,"menu_order":3,"comment_status":"closed","ping_status":"closed","template":"","meta":{"footnotes":""},"yoast_head":"<!-- This site is optimized with the Yoast SEO plugin v23.5 - https:\/\/yoast.com\/wordpress\/plugins\/seo\/ -->\n<title>Dany Estev\u00e3oDany Estev\u00e3oDany Estev\u00e3oDany Estev\u00e3o - Dany Foundation<\/title>\n<meta name=\"robots\" content=\"index, follow, max-snippet:-1, max-image-preview:large, max-video-preview:-1\" \/>\n<link rel=\"canonical\" href=\"https:\/\/danyfoundation.org\/?page_id=2\" \/>\n<meta property=\"og:locale\" content=\"nl_NL\" \/>\n<meta property=\"og:type\" content=\"article\" \/>\n<meta property=\"og:title\" content=\"Dany Estev\u00e3oDany Estev\u00e3oDany Estev\u00e3oDany Estev\u00e3o - Dany Foundation\" \/>\n<meta property=\"og:description\" content=\"Dany Estev\u00e3o vocht 15 maanden tegen leukemie. Een ongelijke strijd die hem noodlottig werd&#8230; Het ergste is dat ik niet verder kan met m\u2019n leven, mijn opleiding en mijn vrienden. Ik had altijd de ambitie om te studeren, om een goede baan te vinden, om iemand te zijn. Met bezwaard hart denk ik terug aan [&hellip;]\" \/>\n<meta property=\"og:url\" content=\"https:\/\/danyfoundation.org\/?page_id=2\" \/>\n<meta property=\"og:site_name\" content=\"Dany Foundation\" \/>\n<meta property=\"article:modified_time\" content=\"2015-09-18T09:07:56+00:00\" \/>\n<meta property=\"og:image\" content=\"https:\/\/danyfoundation.org\/wp-content\/uploads\/danyfoundation.jpg\" \/>\n<meta name=\"twitter:card\" content=\"summary_large_image\" \/>\n<meta name=\"twitter:label1\" content=\"Geschatte leestijd\" \/>\n\t<meta name=\"twitter:data1\" content=\"11 minutes\" \/>\n<script type=\"application\/ld+json\" class=\"yoast-schema-graph\">{\"@context\":\"https:\/\/schema.org\",\"@graph\":[{\"@type\":\"WebPage\",\"@id\":\"https:\/\/danyfoundation.org\/?page_id=2\",\"url\":\"https:\/\/danyfoundation.org\/?page_id=2\",\"name\":\"Dany Estev\u00e3oDany Estev\u00e3oDany Estev\u00e3oDany Estev\u00e3o - Dany Foundation\",\"isPartOf\":{\"@id\":\"https:\/\/danyfoundation.org\/#website\"},\"primaryImageOfPage\":{\"@id\":\"https:\/\/danyfoundation.org\/?page_id=2#primaryimage\"},\"image\":{\"@id\":\"https:\/\/danyfoundation.org\/?page_id=2#primaryimage\"},\"thumbnailUrl\":\"https:\/\/danyfoundation.org\/wp-content\/uploads\/danyfoundation.jpg\",\"datePublished\":\"2010-08-14T19:46:37+00:00\",\"dateModified\":\"2015-09-18T09:07:56+00:00\",\"breadcrumb\":{\"@id\":\"https:\/\/danyfoundation.org\/?page_id=2#breadcrumb\"},\"inLanguage\":\"nl-NL\",\"potentialAction\":[{\"@type\":\"ReadAction\",\"target\":[\"https:\/\/danyfoundation.org\/?page_id=2\"]}]},{\"@type\":\"ImageObject\",\"inLanguage\":\"nl-NL\",\"@id\":\"https:\/\/danyfoundation.org\/?page_id=2#primaryimage\",\"url\":\"https:\/\/danyfoundation.org\/wp-content\/uploads\/danyfoundation.jpg\",\"contentUrl\":\"https:\/\/danyfoundation.org\/wp-content\/uploads\/danyfoundation.jpg\"},{\"@type\":\"BreadcrumbList\",\"@id\":\"https:\/\/danyfoundation.org\/?page_id=2#breadcrumb\",\"itemListElement\":[{\"@type\":\"ListItem\",\"position\":1,\"name\":\"Home\",\"item\":\"https:\/\/danyfoundation.org\/\"},{\"@type\":\"ListItem\",\"position\":2,\"name\":\"Dany Estev\u00e3o\"}]},{\"@type\":\"WebSite\",\"@id\":\"https:\/\/danyfoundation.org\/#website\",\"url\":\"https:\/\/danyfoundation.org\/\",\"name\":\"Dany Foundation\",\"description\":\"Stichting voor Kaapverdiaanse pati\u00ebnten\",\"publisher\":{\"@id\":\"https:\/\/danyfoundation.org\/#organization\"},\"potentialAction\":[{\"@type\":\"SearchAction\",\"target\":{\"@type\":\"EntryPoint\",\"urlTemplate\":\"https:\/\/danyfoundation.org\/?s={search_term_string}\"},\"query-input\":{\"@type\":\"PropertyValueSpecification\",\"valueRequired\":true,\"valueName\":\"search_term_string\"}}],\"inLanguage\":\"nl-NL\"},{\"@type\":\"Organization\",\"@id\":\"https:\/\/danyfoundation.org\/#organization\",\"name\":\"Dany Foundation\",\"url\":\"https:\/\/danyfoundation.org\/\",\"logo\":{\"@type\":\"ImageObject\",\"inLanguage\":\"nl-NL\",\"@id\":\"https:\/\/danyfoundation.org\/#\/schema\/logo\/image\/\",\"url\":\"https:\/\/danyfoundation.org\/wp-content\/uploads\/danyfoundation.jpg\",\"contentUrl\":\"https:\/\/danyfoundation.org\/wp-content\/uploads\/danyfoundation.jpg\",\"width\":\"272\",\"height\":\"406\",\"caption\":\"Dany Foundation\"},\"image\":{\"@id\":\"https:\/\/danyfoundation.org\/#\/schema\/logo\/image\/\"}}]}<\/script>\n<!-- \/ Yoast SEO plugin. -->","yoast_head_json":{"title":"Dany Estev\u00e3oDany Estev\u00e3oDany Estev\u00e3oDany Estev\u00e3o - Dany Foundation","robots":{"index":"index","follow":"follow","max-snippet":"max-snippet:-1","max-image-preview":"max-image-preview:large","max-video-preview":"max-video-preview:-1"},"canonical":"https:\/\/danyfoundation.org\/?page_id=2","og_locale":"nl_NL","og_type":"article","og_title":"Dany Estev\u00e3oDany Estev\u00e3oDany Estev\u00e3oDany Estev\u00e3o - Dany Foundation","og_description":"Dany Estev\u00e3o vocht 15 maanden tegen leukemie. Een ongelijke strijd die hem noodlottig werd&#8230; Het ergste is dat ik niet verder kan met m\u2019n leven, mijn opleiding en mijn vrienden. Ik had altijd de ambitie om te studeren, om een goede baan te vinden, om iemand te zijn. Met bezwaard hart denk ik terug aan [&hellip;]","og_url":"https:\/\/danyfoundation.org\/?page_id=2","og_site_name":"Dany Foundation","article_modified_time":"2015-09-18T09:07:56+00:00","og_image":[{"url":"https:\/\/danyfoundation.org\/wp-content\/uploads\/danyfoundation.jpg"}],"twitter_card":"summary_large_image","twitter_misc":{"Geschatte leestijd":"11 minutes"},"schema":{"@context":"https:\/\/schema.org","@graph":[{"@type":"WebPage","@id":"https:\/\/danyfoundation.org\/?page_id=2","url":"https:\/\/danyfoundation.org\/?page_id=2","name":"Dany Estev\u00e3oDany Estev\u00e3oDany Estev\u00e3oDany Estev\u00e3o - Dany Foundation","isPartOf":{"@id":"https:\/\/danyfoundation.org\/#website"},"primaryImageOfPage":{"@id":"https:\/\/danyfoundation.org\/?page_id=2#primaryimage"},"image":{"@id":"https:\/\/danyfoundation.org\/?page_id=2#primaryimage"},"thumbnailUrl":"https:\/\/danyfoundation.org\/wp-content\/uploads\/danyfoundation.jpg","datePublished":"2010-08-14T19:46:37+00:00","dateModified":"2015-09-18T09:07:56+00:00","breadcrumb":{"@id":"https:\/\/danyfoundation.org\/?page_id=2#breadcrumb"},"inLanguage":"nl-NL","potentialAction":[{"@type":"ReadAction","target":["https:\/\/danyfoundation.org\/?page_id=2"]}]},{"@type":"ImageObject","inLanguage":"nl-NL","@id":"https:\/\/danyfoundation.org\/?page_id=2#primaryimage","url":"https:\/\/danyfoundation.org\/wp-content\/uploads\/danyfoundation.jpg","contentUrl":"https:\/\/danyfoundation.org\/wp-content\/uploads\/danyfoundation.jpg"},{"@type":"BreadcrumbList","@id":"https:\/\/danyfoundation.org\/?page_id=2#breadcrumb","itemListElement":[{"@type":"ListItem","position":1,"name":"Home","item":"https:\/\/danyfoundation.org\/"},{"@type":"ListItem","position":2,"name":"Dany Estev\u00e3o"}]},{"@type":"WebSite","@id":"https:\/\/danyfoundation.org\/#website","url":"https:\/\/danyfoundation.org\/","name":"Dany Foundation","description":"Stichting voor Kaapverdiaanse pati\u00ebnten","publisher":{"@id":"https:\/\/danyfoundation.org\/#organization"},"potentialAction":[{"@type":"SearchAction","target":{"@type":"EntryPoint","urlTemplate":"https:\/\/danyfoundation.org\/?s={search_term_string}"},"query-input":{"@type":"PropertyValueSpecification","valueRequired":true,"valueName":"search_term_string"}}],"inLanguage":"nl-NL"},{"@type":"Organization","@id":"https:\/\/danyfoundation.org\/#organization","name":"Dany Foundation","url":"https:\/\/danyfoundation.org\/","logo":{"@type":"ImageObject","inLanguage":"nl-NL","@id":"https:\/\/danyfoundation.org\/#\/schema\/logo\/image\/","url":"https:\/\/danyfoundation.org\/wp-content\/uploads\/danyfoundation.jpg","contentUrl":"https:\/\/danyfoundation.org\/wp-content\/uploads\/danyfoundation.jpg","width":"272","height":"406","caption":"Dany Foundation"},"image":{"@id":"https:\/\/danyfoundation.org\/#\/schema\/logo\/image\/"}}]}},"_links":{"self":[{"href":"https:\/\/danyfoundation.org\/index.php?rest_route=\/wp\/v2\/pages\/2"}],"collection":[{"href":"https:\/\/danyfoundation.org\/index.php?rest_route=\/wp\/v2\/pages"}],"about":[{"href":"https:\/\/danyfoundation.org\/index.php?rest_route=\/wp\/v2\/types\/page"}],"author":[{"embeddable":true,"href":"https:\/\/danyfoundation.org\/index.php?rest_route=\/wp\/v2\/users\/1"}],"replies":[{"embeddable":true,"href":"https:\/\/danyfoundation.org\/index.php?rest_route=%2Fwp%2Fv2%2Fcomments&post=2"}],"version-history":[{"count":28,"href":"https:\/\/danyfoundation.org\/index.php?rest_route=\/wp\/v2\/pages\/2\/revisions"}],"predecessor-version":[{"id":1376,"href":"https:\/\/danyfoundation.org\/index.php?rest_route=\/wp\/v2\/pages\/2\/revisions\/1376"}],"wp:attachment":[{"href":"https:\/\/danyfoundation.org\/index.php?rest_route=%2Fwp%2Fv2%2Fmedia&parent=2"}],"curies":[{"name":"wp","href":"https:\/\/api.w.org\/{rel}","templated":true}]}}