{"id":41,"date":"2010-08-14T21:38:40","date_gmt":"2010-08-14T21:38:40","guid":{"rendered":"http:\/\/danyfoundation.org\/?page_id=41"},"modified":"2015-09-19T13:31:34","modified_gmt":"2015-09-19T11:31:34","slug":"doelgroep","status":"publish","type":"page","link":"https:\/\/danyfoundation.org\/?page_id=41","title":{"rendered":"Doelgroep"},"content":{"rendered":"<h2><span style=\"color: #000000;\"><strong>Sociaal kwetsbare groepen in Kaapverdi\u00eb<\/strong><\/span><\/h2>\n<p>Ondanks de algemeen positieve trend van de Kaapverdiaanse economie\u00a0 heerst er toch nog veel hardnekkige armoede (rond 25% van de bevolking) en vooral ook massale werkloosheid in dit West Afrikaanse land. Wegens een gebrek aan natuurlijke hulpbronnen is Kaapverdi\u00eb altijd al zeer kwetsbaar gebleken wat betreft de internationale conjunctuur. De mondiale crisis die sinds 2008 heerst, heeft daarom in sommige opzichten de situatie verergert.<\/p>\n<p>Ironisch genoeg betekent de recente promotie van Kaapverdi\u00eb naar middeninkomens status ook dat veel sociaal gerichte ontwikkelingshulp plotseling weggevallen is. Zodat vooral de traditioneel kwetsbare groepen in Kaapverdi\u00eb opeens van hulp verstoken blijven. De Dany Foundation richt zich daarom vooral (maar niet uitsluitend) op hulpverlening aan de volgende doelgroepen:<\/p>\n<p>\u2022 Schoolgaande jeugd<br \/>\n\u2022 Alleenstaande moeders<br \/>\n\u2022 Afgelegen dorpen in rurale gebieden<br \/>\n\u2022 Achterstandswijken van steden als Mindelo en Porto Novo<br \/>\n\u2022 Bejaarden<\/p>\n<p style=\"text-align: center;\"><a href=\"https:\/\/danyfoundation.org\/wp-content\/uploads\/2012p1.jpg\"><img loading=\"lazy\" decoding=\"async\" class=\"aligncenter size-large wp-image-1226\" title=\"2012p\" src=\"https:\/\/danyfoundation.org\/wp-content\/uploads\/2012p1-1024x724.jpg\" alt=\"\" width=\"614\" height=\"434\" srcset=\"https:\/\/danyfoundation.org\/wp-content\/uploads\/2012p1-1024x724.jpg 1024w, https:\/\/danyfoundation.org\/wp-content\/uploads\/2012p1-300x212.jpg 300w, https:\/\/danyfoundation.org\/wp-content\/uploads\/2012p1.jpg 1997w\" sizes=\"(max-width: 614px) 100vw, 614px\" \/><\/a><\/p>\n<h2><strong> <span style=\"color: #000000;\">Kaapverdiaanse pati\u00ebnten in Portugal<\/span><\/strong><\/h2>\n<p>Per jaar worden er bij honderden Kaapverdianen levensbedreigende ziektes zoals kanker en nieraandoeningen geconstateerd. In Kaapverdi\u00eb zelf bestaan er geen geschikte ziekenhuizen om deze mensen adequaat te behandelen. Sinds einde jaren 70 bestaat er een protocol met Portugal, de voormalige koloniale macht, waarbij jaarlijks een beperkt aantal (maximaal 300) Kaapverdiaanse pati\u00ebnten naar Portugal overgebracht kan worden voor hun medische behandeling. De Portugese regering neemt alle medische kosten voor haar rekening terwijl de overige kosten in principe door de Kaapverdiaanse overheid dienen te worden vergoed. Dit geldt met name voor de woonvesting en een minimale bijlage (\u20ac 89 per pati\u00ebnt) voor levensonderhoud. Geschat wordt dat er elk jaar meer dan 300 Kaapverdiaanse pati\u00ebnten in Portugal verblijven voor hun behandeling. Omdat het maximum aantal aanvragen altijd overschreden wordt en jonge pati\u00ebnten vergezeld worden door een volwassen familielid. De kosten van hun verblijf drukken zwaar op de begroting van Kaapverdi\u00eb, nog altijd een arm ontwikkelingsland. Gebleken is dat de betaling van de financi\u00eble bijlage (die al karig genoeg is) door de Kaapverdiaanse Ambassade vaak problematisch verloopt. Een betaalachterstand van soms wel drie maanden komt helaas vaak voor.<\/p>\n<p>In de praktijk betekent dit dat Kaapverdiaanse pati\u00ebnten in Portugal soms volledig op zich zelf gewezen zijn om in hun levensonderhoud te voorzien en hun reisonkosten naar het ziekenhuis te financieren. Zonder verzekering zijn zij vaak aangewezen op steun van familieleden uit het buitenland of woonachtig in Portugal. Bij langdurige behandeling zijn zij echter vaak gedwongen om, hoe ziek dan ook, zelf te gaan werken om hun dagelijkse onkosten te vergoeden. Deze mensen zijn er uiteraard het ergst aan toe. Er zijn gevallen bekend waarbij pati\u00ebnten of moeders van jonge pati\u00ebnten in de prostitutie zijn beland. De Kaapverdiaanse regering heeft een aantal pensions in Lissabon ter beschikking gesteld voor de pati\u00ebnten. Deze zijn echter spraakmakend in de Kaapverdiaanse gemeenschap wegens achterstallig onderhoud, overvolle kamers en gebrek aan hygi\u00ebne (ratten &amp; kakkerlakken zijn een structureel probleem). Noch de Portugese noch de Kaapverdiaanse regering inspecteert deze pensions.<\/p>\n<p>&nbsp;<\/p>\n<p>Voor meer achtergrond informatie kunt u dit artikel (in het Portugees) lezen:<\/p>\n<p><a href=\"https:\/\/danyfoundation.org\/?p=558\" target=\"_blank\">Reportage in Diario de Noticias<\/a><\/p>\n<p>en ook deze TV reportage van de Portugese televisie:<\/p>\n<p><a href=\"http:\/\/www.tvi24.iol.pt\/eu-vi\/reporter-tvi-viagem-sem-regresso-tvi24-alexandra-borges\/1224760-4646.html\" target=\"_blank\">\u00abViagem Sem Regresso\u00bb (Reis Zonder Terugkeer)<\/a><\/p>\n<p style=\"text-align: center;\"><a href=\"https:\/\/danyfoundation.org\/wp-content\/uploads\/DF.jpg\"><img loading=\"lazy\" decoding=\"async\" class=\"aligncenter size-large wp-image-991\" title=\"DF\" src=\"https:\/\/danyfoundation.org\/wp-content\/uploads\/DF-1024x708.jpg\" alt=\"\" width=\"717\" height=\"496\" srcset=\"https:\/\/danyfoundation.org\/wp-content\/uploads\/DF-1024x708.jpg 1024w, https:\/\/danyfoundation.org\/wp-content\/uploads\/DF-300x207.jpg 300w\" sizes=\"(max-width: 717px) 100vw, 717px\" \/><\/a><\/p>\n","protected":false},"excerpt":{"rendered":"<p>Sociaal kwetsbare groepen in Kaapverdi\u00eb Ondanks de algemeen positieve trend van de Kaapverdiaanse economie\u00a0 heerst er toch nog veel hardnekkige armoede (rond 25% van de bevolking) en vooral ook massale werkloosheid in dit West Afrikaanse land. Wegens een gebrek aan natuurlijke hulpbronnen is Kaapverdi\u00eb altijd al zeer kwetsbaar gebleken wat betreft de internationale conjunctuur. De [&hellip;]<\/p>\n","protected":false},"author":1,"featured_media":0,"parent":0,"menu_order":4,"comment_status":"closed","ping_status":"closed","template":"","meta":{"footnotes":""},"yoast_head":"<!-- This site is optimized with the Yoast SEO plugin v23.5 - https:\/\/yoast.com\/wordpress\/plugins\/seo\/ -->\n<title>DoelgroepTarget GroupGrupo AlvoLes b\u00e9n\u00e9ficiaires - Dany Foundation<\/title>\n<meta name=\"robots\" content=\"index, follow, max-snippet:-1, max-image-preview:large, max-video-preview:-1\" \/>\n<link rel=\"canonical\" href=\"https:\/\/danyfoundation.org\/?page_id=41\" \/>\n<meta property=\"og:locale\" content=\"nl_NL\" \/>\n<meta property=\"og:type\" content=\"article\" \/>\n<meta property=\"og:title\" content=\"DoelgroepTarget GroupGrupo AlvoLes b\u00e9n\u00e9ficiaires - Dany Foundation\" \/>\n<meta property=\"og:description\" content=\"Sociaal kwetsbare groepen in Kaapverdi\u00eb Ondanks de algemeen positieve trend van de Kaapverdiaanse economie\u00a0 heerst er toch nog veel hardnekkige armoede (rond 25% van de bevolking) en vooral ook massale werkloosheid in dit West Afrikaanse land. Wegens een gebrek aan natuurlijke hulpbronnen is Kaapverdi\u00eb altijd al zeer kwetsbaar gebleken wat betreft de internationale conjunctuur. De [&hellip;]\" \/>\n<meta property=\"og:url\" content=\"https:\/\/danyfoundation.org\/?page_id=41\" \/>\n<meta property=\"og:site_name\" content=\"Dany Foundation\" \/>\n<meta property=\"article:modified_time\" content=\"2015-09-19T11:31:34+00:00\" \/>\n<meta property=\"og:image\" content=\"https:\/\/danyfoundation.org\/wp-content\/uploads\/2012p1-1024x724.jpg\" \/>\n<meta name=\"twitter:card\" content=\"summary_large_image\" \/>\n<meta name=\"twitter:label1\" content=\"Geschatte leestijd\" \/>\n\t<meta name=\"twitter:data1\" content=\"9 minutes\" \/>\n<script type=\"application\/ld+json\" class=\"yoast-schema-graph\">{\"@context\":\"https:\/\/schema.org\",\"@graph\":[{\"@type\":\"WebPage\",\"@id\":\"https:\/\/danyfoundation.org\/?page_id=41\",\"url\":\"https:\/\/danyfoundation.org\/?page_id=41\",\"name\":\"DoelgroepTarget GroupGrupo AlvoLes b\u00e9n\u00e9ficiaires - Dany Foundation\",\"isPartOf\":{\"@id\":\"https:\/\/danyfoundation.org\/#website\"},\"primaryImageOfPage\":{\"@id\":\"https:\/\/danyfoundation.org\/?page_id=41#primaryimage\"},\"image\":{\"@id\":\"https:\/\/danyfoundation.org\/?page_id=41#primaryimage\"},\"thumbnailUrl\":\"https:\/\/danyfoundation.org\/wp-content\/uploads\/2012p1-1024x724.jpg\",\"datePublished\":\"2010-08-14T21:38:40+00:00\",\"dateModified\":\"2015-09-19T11:31:34+00:00\",\"breadcrumb\":{\"@id\":\"https:\/\/danyfoundation.org\/?page_id=41#breadcrumb\"},\"inLanguage\":\"nl-NL\",\"potentialAction\":[{\"@type\":\"ReadAction\",\"target\":[\"https:\/\/danyfoundation.org\/?page_id=41\"]}]},{\"@type\":\"ImageObject\",\"inLanguage\":\"nl-NL\",\"@id\":\"https:\/\/danyfoundation.org\/?page_id=41#primaryimage\",\"url\":\"https:\/\/danyfoundation.org\/wp-content\/uploads\/2012p1.jpg\",\"contentUrl\":\"https:\/\/danyfoundation.org\/wp-content\/uploads\/2012p1.jpg\",\"width\":\"1997\",\"height\":\"1412\"},{\"@type\":\"BreadcrumbList\",\"@id\":\"https:\/\/danyfoundation.org\/?page_id=41#breadcrumb\",\"itemListElement\":[{\"@type\":\"ListItem\",\"position\":1,\"name\":\"Home\",\"item\":\"https:\/\/danyfoundation.org\/\"},{\"@type\":\"ListItem\",\"position\":2,\"name\":\"Doelgroep\"}]},{\"@type\":\"WebSite\",\"@id\":\"https:\/\/danyfoundation.org\/#website\",\"url\":\"https:\/\/danyfoundation.org\/\",\"name\":\"Dany Foundation\",\"description\":\"Stichting voor Kaapverdiaanse pati\u00ebnten\",\"publisher\":{\"@id\":\"https:\/\/danyfoundation.org\/#organization\"},\"potentialAction\":[{\"@type\":\"SearchAction\",\"target\":{\"@type\":\"EntryPoint\",\"urlTemplate\":\"https:\/\/danyfoundation.org\/?s={search_term_string}\"},\"query-input\":{\"@type\":\"PropertyValueSpecification\",\"valueRequired\":true,\"valueName\":\"search_term_string\"}}],\"inLanguage\":\"nl-NL\"},{\"@type\":\"Organization\",\"@id\":\"https:\/\/danyfoundation.org\/#organization\",\"name\":\"Dany Foundation\",\"url\":\"https:\/\/danyfoundation.org\/\",\"logo\":{\"@type\":\"ImageObject\",\"inLanguage\":\"nl-NL\",\"@id\":\"https:\/\/danyfoundation.org\/#\/schema\/logo\/image\/\",\"url\":\"https:\/\/danyfoundation.org\/wp-content\/uploads\/danyfoundation.jpg\",\"contentUrl\":\"https:\/\/danyfoundation.org\/wp-content\/uploads\/danyfoundation.jpg\",\"width\":\"272\",\"height\":\"406\",\"caption\":\"Dany Foundation\"},\"image\":{\"@id\":\"https:\/\/danyfoundation.org\/#\/schema\/logo\/image\/\"}}]}<\/script>\n<!-- \/ Yoast SEO plugin. -->","yoast_head_json":{"title":"DoelgroepTarget GroupGrupo AlvoLes b\u00e9n\u00e9ficiaires - Dany Foundation","robots":{"index":"index","follow":"follow","max-snippet":"max-snippet:-1","max-image-preview":"max-image-preview:large","max-video-preview":"max-video-preview:-1"},"canonical":"https:\/\/danyfoundation.org\/?page_id=41","og_locale":"nl_NL","og_type":"article","og_title":"DoelgroepTarget GroupGrupo AlvoLes b\u00e9n\u00e9ficiaires - Dany Foundation","og_description":"Sociaal kwetsbare groepen in Kaapverdi\u00eb Ondanks de algemeen positieve trend van de Kaapverdiaanse economie\u00a0 heerst er toch nog veel hardnekkige armoede (rond 25% van de bevolking) en vooral ook massale werkloosheid in dit West Afrikaanse land. Wegens een gebrek aan natuurlijke hulpbronnen is Kaapverdi\u00eb altijd al zeer kwetsbaar gebleken wat betreft de internationale conjunctuur. De [&hellip;]","og_url":"https:\/\/danyfoundation.org\/?page_id=41","og_site_name":"Dany Foundation","article_modified_time":"2015-09-19T11:31:34+00:00","og_image":[{"url":"https:\/\/danyfoundation.org\/wp-content\/uploads\/2012p1-1024x724.jpg"}],"twitter_card":"summary_large_image","twitter_misc":{"Geschatte leestijd":"9 minutes"},"schema":{"@context":"https:\/\/schema.org","@graph":[{"@type":"WebPage","@id":"https:\/\/danyfoundation.org\/?page_id=41","url":"https:\/\/danyfoundation.org\/?page_id=41","name":"DoelgroepTarget GroupGrupo AlvoLes b\u00e9n\u00e9ficiaires - Dany Foundation","isPartOf":{"@id":"https:\/\/danyfoundation.org\/#website"},"primaryImageOfPage":{"@id":"https:\/\/danyfoundation.org\/?page_id=41#primaryimage"},"image":{"@id":"https:\/\/danyfoundation.org\/?page_id=41#primaryimage"},"thumbnailUrl":"https:\/\/danyfoundation.org\/wp-content\/uploads\/2012p1-1024x724.jpg","datePublished":"2010-08-14T21:38:40+00:00","dateModified":"2015-09-19T11:31:34+00:00","breadcrumb":{"@id":"https:\/\/danyfoundation.org\/?page_id=41#breadcrumb"},"inLanguage":"nl-NL","potentialAction":[{"@type":"ReadAction","target":["https:\/\/danyfoundation.org\/?page_id=41"]}]},{"@type":"ImageObject","inLanguage":"nl-NL","@id":"https:\/\/danyfoundation.org\/?page_id=41#primaryimage","url":"https:\/\/danyfoundation.org\/wp-content\/uploads\/2012p1.jpg","contentUrl":"https:\/\/danyfoundation.org\/wp-content\/uploads\/2012p1.jpg","width":"1997","height":"1412"},{"@type":"BreadcrumbList","@id":"https:\/\/danyfoundation.org\/?page_id=41#breadcrumb","itemListElement":[{"@type":"ListItem","position":1,"name":"Home","item":"https:\/\/danyfoundation.org\/"},{"@type":"ListItem","position":2,"name":"Doelgroep"}]},{"@type":"WebSite","@id":"https:\/\/danyfoundation.org\/#website","url":"https:\/\/danyfoundation.org\/","name":"Dany Foundation","description":"Stichting voor Kaapverdiaanse pati\u00ebnten","publisher":{"@id":"https:\/\/danyfoundation.org\/#organization"},"potentialAction":[{"@type":"SearchAction","target":{"@type":"EntryPoint","urlTemplate":"https:\/\/danyfoundation.org\/?s={search_term_string}"},"query-input":{"@type":"PropertyValueSpecification","valueRequired":true,"valueName":"search_term_string"}}],"inLanguage":"nl-NL"},{"@type":"Organization","@id":"https:\/\/danyfoundation.org\/#organization","name":"Dany Foundation","url":"https:\/\/danyfoundation.org\/","logo":{"@type":"ImageObject","inLanguage":"nl-NL","@id":"https:\/\/danyfoundation.org\/#\/schema\/logo\/image\/","url":"https:\/\/danyfoundation.org\/wp-content\/uploads\/danyfoundation.jpg","contentUrl":"https:\/\/danyfoundation.org\/wp-content\/uploads\/danyfoundation.jpg","width":"272","height":"406","caption":"Dany Foundation"},"image":{"@id":"https:\/\/danyfoundation.org\/#\/schema\/logo\/image\/"}}]}},"_links":{"self":[{"href":"https:\/\/danyfoundation.org\/index.php?rest_route=\/wp\/v2\/pages\/41"}],"collection":[{"href":"https:\/\/danyfoundation.org\/index.php?rest_route=\/wp\/v2\/pages"}],"about":[{"href":"https:\/\/danyfoundation.org\/index.php?rest_route=\/wp\/v2\/types\/page"}],"author":[{"embeddable":true,"href":"https:\/\/danyfoundation.org\/index.php?rest_route=\/wp\/v2\/users\/1"}],"replies":[{"embeddable":true,"href":"https:\/\/danyfoundation.org\/index.php?rest_route=%2Fwp%2Fv2%2Fcomments&post=41"}],"version-history":[{"count":27,"href":"https:\/\/danyfoundation.org\/index.php?rest_route=\/wp\/v2\/pages\/41\/revisions"}],"predecessor-version":[{"id":1403,"href":"https:\/\/danyfoundation.org\/index.php?rest_route=\/wp\/v2\/pages\/41\/revisions\/1403"}],"wp:attachment":[{"href":"https:\/\/danyfoundation.org\/index.php?rest_route=%2Fwp%2Fv2%2Fmedia&parent=41"}],"curies":[{"name":"wp","href":"https:\/\/api.w.org\/{rel}","templated":true}]}}