{"id":470,"date":"2010-08-25T23:23:39","date_gmt":"2010-08-25T21:23:39","guid":{"rendered":"http:\/\/danyfoundation.org\/?page_id=470"},"modified":"2015-09-14T16:15:57","modified_gmt":"2015-09-14T14:15:57","slug":"home","status":"publish","type":"page","link":"https:\/\/danyfoundation.org\/","title":{"rendered":"Homepage"},"content":{"rendered":"<h1>Welkom op de\u00a0website van de Dany Foundation!<\/h1>\n<p>De Dany Foundation is opgericht naar aanleiding van de droom van <a href=\"https:\/\/danyfoundation.org\/?page_id=2\" target=\"_blank\">Dany Estev\u00e3o<\/a>, leukemie pati\u00ebnt in Lissabon: een comfortabel opvanghuis voor de talloze verwaarloosde Kaapverdiaanse pati\u00ebnten die noodgedwongen in Portugal verblijven voor hun medische behandeling wegens\u00a0 ontoereikende medische voorzieningen in hun eigen land.<\/p>\n<p>Deze mensen, ver weg van hun eigen land en familie, staan er vaak helemaal alleen voor.\u00a0Zij hebben\u00a0niet alleen behoefte aan morele ondersteuning. Zij hebben ook recht op een snelle verbetering van\u00a0hun ellendige verblijfsituatie!<\/p>\n<p><span style=\"color: #ffffff;\">.<\/span><\/p>\n<p><span style=\"color: #ffffff;\">.<\/span><\/p>\n<p style=\"text-align: center;\"><img loading=\"lazy\" decoding=\"async\" class=\"aligncenter\" title=\"Clipboard01collage\" src=\"https:\/\/danyfoundation.org\/wp-content\/uploads\/Clipboard01collage.jpg\" alt=\"\" width=\"504\" height=\"490\" \/><\/p>\n<p style=\"text-align: center;\"><span style=\"color: #ffffff;\">.<\/span><\/p>\n<p>&nbsp;<\/p>\n<p>Vanaf het begin hebben wij geijverd en gelobbied voor humane verzorging van deze vaak terminale pati\u00ebnten. Tegelijkertijd heeft de Dany Foundation zich met hart en ziel ingezet om de levenssituatie van hun achterblijvende familieleden in Kaapverdi\u00eb te verbeteren. Voor een overzicht van onze activiteiten vanaf 2006 kunt op deze link klikken: <a href=\"https:\/\/danyfoundation.org\/?cat=3&amp;paged=11\" target=\"_blank\">Nieuws Archief<\/a>. De meest recente activiteiten zijn via het rechtermenu te zien.<\/p>\n<p>Wegens actuele ontwikkelingen in Portugal heeft de Dany Foundation sindsdien haar werkterrein grotendeels verlegd naar Kaapverdi\u00eb. Wij volgen nog steeds met een kritisch oog de huidige situatie in de diverse pensions van Lissabon en proberen de bewoners aldaar zoveel als mogelijk een hart onder de riem te steken. Voor een overzicht (in het Portugees) van de problematiek in Lissabon zie ook: <a href=\"https:\/\/danyfoundation.org\/?cat=6\" target=\"_blank\">Dossier Doentes Evacuados<\/a>. En tevens dit overzicht van <a href=\"https:\/\/danyfoundation.org\/?cat=4\" target=\"_blank\">Krantenartikelen<\/a>.<\/p>\n<p>De focus van de Dany Foundation is echter definitief in Kaapverdi\u00eb komen te liggen. Met name het doneren van gebruiksartikelen aan scholen, ziekenhuizen, bejaardentehuizen en bewoners van achterstandswijken. Onze primaire missie is nu gericht op het ondersteunen van sociaal kwetsbare groepen in Kaapverdi\u00eb (kinderen, zieke mensen, bejaarden) om hun levensomstandigheden en perspectief op de toekomst te verbeteren.<\/p>\n<p>Help mee om deze mensen betere levensomstandigheden te geven!\u00a0Alle bijdrages, suggesties\u00a0en donaties zijn welkom!\u00a0Met\u00a0vijf euro&#8217;s per maand kunt u al vaste donateur worden. Als u geld wilt storten, kan dat op NL67INGB0005185695.\u00a0 Lees <a href=\"https:\/\/danyfoundation.org\/?page_id=114\" target=\"_blank\">hier<\/a> verder hoe u kunt helpen.<\/p>\n<p style=\"text-align: center;\"><a href=\"https:\/\/danyfoundation.org\/wp-content\/uploads\/Clipboard011.jpg\"><img loading=\"lazy\" decoding=\"async\" class=\"aligncenter size-full wp-image-989\" title=\"Clipboard01\" src=\"https:\/\/danyfoundation.org\/wp-content\/uploads\/Clipboard011.jpg\" alt=\"\" width=\"497\" height=\"702\" srcset=\"https:\/\/danyfoundation.org\/wp-content\/uploads\/Clipboard011.jpg 1380w, https:\/\/danyfoundation.org\/wp-content\/uploads\/Clipboard011-212x300.jpg 212w, https:\/\/danyfoundation.org\/wp-content\/uploads\/Clipboard011-724x1024.jpg 724w\" sizes=\"(max-width: 497px) 100vw, 497px\" \/><\/a><\/p>\n<p>&nbsp;<\/p>\n<p>&nbsp;<\/p>\n<p><a href=\"https:\/\/danyfoundation.org\/wp-content\/uploads\/Dany-Foundation-Logo1.jpg\"><img loading=\"lazy\" decoding=\"async\" title=\"Dany Foundation Logo\" src=\"https:\/\/danyfoundation.org\/wp-content\/uploads\/Dany-Foundation-Logo1.jpg\" alt=\"\" width=\"285\" height=\"112\" \/><\/a><br \/>\nStichting Dany Foundation, gevestigd te\u00a0Haarlem<br \/>\nKamer van Koophandel nummer: 34266825<br \/>\nING Banknummer: 5185695<br \/>\nIBAN:\u00a0NL67INGB0005185695<br \/>\nBIC\/SWIFT: INGBNL2A\u00a0\u00a0\u00a0 <\/p>\n","protected":false},"excerpt":{"rendered":"<p>Welkom op de\u00a0website van de Dany Foundation! De Dany Foundation is opgericht naar aanleiding van de droom van Dany Estev\u00e3o, leukemie pati\u00ebnt in Lissabon: een comfortabel opvanghuis voor de talloze verwaarloosde Kaapverdiaanse pati\u00ebnten die noodgedwongen in Portugal verblijven voor hun medische behandeling wegens\u00a0 ontoereikende medische voorzieningen in hun eigen land. Deze mensen, ver weg van [&hellip;]<\/p>\n","protected":false},"author":1,"featured_media":0,"parent":0,"menu_order":1,"comment_status":"closed","ping_status":"closed","template":"","meta":{"footnotes":""},"yoast_head":"<!-- This site is optimized with the Yoast SEO plugin v23.5 - https:\/\/yoast.com\/wordpress\/plugins\/seo\/ -->\n<title>HomepageHomepageP\u00e1gina principalAccueil - Dany Foundation<\/title>\n<meta name=\"robots\" content=\"index, follow, max-snippet:-1, max-image-preview:large, max-video-preview:-1\" \/>\n<link rel=\"canonical\" href=\"https:\/\/danyfoundation.org\/\" \/>\n<meta property=\"og:locale\" content=\"nl_NL\" \/>\n<meta property=\"og:type\" content=\"article\" \/>\n<meta property=\"og:title\" content=\"HomepageHomepageP\u00e1gina principalAccueil - Dany Foundation\" \/>\n<meta property=\"og:description\" content=\"Welkom op de\u00a0website van de Dany Foundation! De Dany Foundation is opgericht naar aanleiding van de droom van Dany Estev\u00e3o, leukemie pati\u00ebnt in Lissabon: een comfortabel opvanghuis voor de talloze verwaarloosde Kaapverdiaanse pati\u00ebnten die noodgedwongen in Portugal verblijven voor hun medische behandeling wegens\u00a0 ontoereikende medische voorzieningen in hun eigen land. Deze mensen, ver weg van [&hellip;]\" \/>\n<meta property=\"og:url\" content=\"https:\/\/danyfoundation.org\/\" \/>\n<meta property=\"og:site_name\" content=\"Dany Foundation\" \/>\n<meta property=\"article:modified_time\" content=\"2015-09-14T14:15:57+00:00\" \/>\n<meta property=\"og:image\" content=\"https:\/\/danyfoundation.org\/wp-content\/uploads\/Clipboard01collage.jpg\" \/>\n<meta name=\"twitter:card\" content=\"summary_large_image\" \/>\n<meta name=\"twitter:label1\" content=\"Geschatte leestijd\" \/>\n\t<meta name=\"twitter:data1\" content=\"6 minutes\" \/>\n<script type=\"application\/ld+json\" class=\"yoast-schema-graph\">{\"@context\":\"https:\/\/schema.org\",\"@graph\":[{\"@type\":\"WebPage\",\"@id\":\"https:\/\/danyfoundation.org\/\",\"url\":\"https:\/\/danyfoundation.org\/\",\"name\":\"HomepageHomepageP\u00e1gina principalAccueil - Dany Foundation\",\"isPartOf\":{\"@id\":\"https:\/\/danyfoundation.org\/#website\"},\"primaryImageOfPage\":{\"@id\":\"https:\/\/danyfoundation.org\/#primaryimage\"},\"image\":{\"@id\":\"https:\/\/danyfoundation.org\/#primaryimage\"},\"thumbnailUrl\":\"https:\/\/danyfoundation.org\/wp-content\/uploads\/Clipboard01collage.jpg\",\"datePublished\":\"2010-08-25T21:23:39+00:00\",\"dateModified\":\"2015-09-14T14:15:57+00:00\",\"breadcrumb\":{\"@id\":\"https:\/\/danyfoundation.org\/#breadcrumb\"},\"inLanguage\":\"nl-NL\",\"potentialAction\":[{\"@type\":\"ReadAction\",\"target\":[\"https:\/\/danyfoundation.org\/\"]}]},{\"@type\":\"ImageObject\",\"inLanguage\":\"nl-NL\",\"@id\":\"https:\/\/danyfoundation.org\/#primaryimage\",\"url\":\"https:\/\/danyfoundation.org\/wp-content\/uploads\/Clipboard01collage.jpg\",\"contentUrl\":\"https:\/\/danyfoundation.org\/wp-content\/uploads\/Clipboard01collage.jpg\",\"width\":\"569\",\"height\":\"553\"},{\"@type\":\"BreadcrumbList\",\"@id\":\"https:\/\/danyfoundation.org\/#breadcrumb\",\"itemListElement\":[{\"@type\":\"ListItem\",\"position\":1,\"name\":\"Home\",\"item\":\"https:\/\/danyfoundation.org\/\"},{\"@type\":\"ListItem\",\"position\":2,\"name\":\"Homepage\"}]},{\"@type\":\"WebSite\",\"@id\":\"https:\/\/danyfoundation.org\/#website\",\"url\":\"https:\/\/danyfoundation.org\/\",\"name\":\"Dany Foundation\",\"description\":\"Stichting voor Kaapverdiaanse pati\u00ebnten\",\"publisher\":{\"@id\":\"https:\/\/danyfoundation.org\/#organization\"},\"potentialAction\":[{\"@type\":\"SearchAction\",\"target\":{\"@type\":\"EntryPoint\",\"urlTemplate\":\"https:\/\/danyfoundation.org\/?s={search_term_string}\"},\"query-input\":{\"@type\":\"PropertyValueSpecification\",\"valueRequired\":true,\"valueName\":\"search_term_string\"}}],\"inLanguage\":\"nl-NL\"},{\"@type\":\"Organization\",\"@id\":\"https:\/\/danyfoundation.org\/#organization\",\"name\":\"Dany Foundation\",\"url\":\"https:\/\/danyfoundation.org\/\",\"logo\":{\"@type\":\"ImageObject\",\"inLanguage\":\"nl-NL\",\"@id\":\"https:\/\/danyfoundation.org\/#\/schema\/logo\/image\/\",\"url\":\"https:\/\/danyfoundation.org\/wp-content\/uploads\/danyfoundation.jpg\",\"contentUrl\":\"https:\/\/danyfoundation.org\/wp-content\/uploads\/danyfoundation.jpg\",\"width\":\"272\",\"height\":\"406\",\"caption\":\"Dany Foundation\"},\"image\":{\"@id\":\"https:\/\/danyfoundation.org\/#\/schema\/logo\/image\/\"}}]}<\/script>\n<!-- \/ Yoast SEO plugin. -->","yoast_head_json":{"title":"HomepageHomepageP\u00e1gina principalAccueil - Dany Foundation","robots":{"index":"index","follow":"follow","max-snippet":"max-snippet:-1","max-image-preview":"max-image-preview:large","max-video-preview":"max-video-preview:-1"},"canonical":"https:\/\/danyfoundation.org\/","og_locale":"nl_NL","og_type":"article","og_title":"HomepageHomepageP\u00e1gina principalAccueil - Dany Foundation","og_description":"Welkom op de\u00a0website van de Dany Foundation! De Dany Foundation is opgericht naar aanleiding van de droom van Dany Estev\u00e3o, leukemie pati\u00ebnt in Lissabon: een comfortabel opvanghuis voor de talloze verwaarloosde Kaapverdiaanse pati\u00ebnten die noodgedwongen in Portugal verblijven voor hun medische behandeling wegens\u00a0 ontoereikende medische voorzieningen in hun eigen land. Deze mensen, ver weg van [&hellip;]","og_url":"https:\/\/danyfoundation.org\/","og_site_name":"Dany Foundation","article_modified_time":"2015-09-14T14:15:57+00:00","og_image":[{"url":"https:\/\/danyfoundation.org\/wp-content\/uploads\/Clipboard01collage.jpg"}],"twitter_card":"summary_large_image","twitter_misc":{"Geschatte leestijd":"6 minutes"},"schema":{"@context":"https:\/\/schema.org","@graph":[{"@type":"WebPage","@id":"https:\/\/danyfoundation.org\/","url":"https:\/\/danyfoundation.org\/","name":"HomepageHomepageP\u00e1gina principalAccueil - Dany Foundation","isPartOf":{"@id":"https:\/\/danyfoundation.org\/#website"},"primaryImageOfPage":{"@id":"https:\/\/danyfoundation.org\/#primaryimage"},"image":{"@id":"https:\/\/danyfoundation.org\/#primaryimage"},"thumbnailUrl":"https:\/\/danyfoundation.org\/wp-content\/uploads\/Clipboard01collage.jpg","datePublished":"2010-08-25T21:23:39+00:00","dateModified":"2015-09-14T14:15:57+00:00","breadcrumb":{"@id":"https:\/\/danyfoundation.org\/#breadcrumb"},"inLanguage":"nl-NL","potentialAction":[{"@type":"ReadAction","target":["https:\/\/danyfoundation.org\/"]}]},{"@type":"ImageObject","inLanguage":"nl-NL","@id":"https:\/\/danyfoundation.org\/#primaryimage","url":"https:\/\/danyfoundation.org\/wp-content\/uploads\/Clipboard01collage.jpg","contentUrl":"https:\/\/danyfoundation.org\/wp-content\/uploads\/Clipboard01collage.jpg","width":"569","height":"553"},{"@type":"BreadcrumbList","@id":"https:\/\/danyfoundation.org\/#breadcrumb","itemListElement":[{"@type":"ListItem","position":1,"name":"Home","item":"https:\/\/danyfoundation.org\/"},{"@type":"ListItem","position":2,"name":"Homepage"}]},{"@type":"WebSite","@id":"https:\/\/danyfoundation.org\/#website","url":"https:\/\/danyfoundation.org\/","name":"Dany Foundation","description":"Stichting voor Kaapverdiaanse pati\u00ebnten","publisher":{"@id":"https:\/\/danyfoundation.org\/#organization"},"potentialAction":[{"@type":"SearchAction","target":{"@type":"EntryPoint","urlTemplate":"https:\/\/danyfoundation.org\/?s={search_term_string}"},"query-input":{"@type":"PropertyValueSpecification","valueRequired":true,"valueName":"search_term_string"}}],"inLanguage":"nl-NL"},{"@type":"Organization","@id":"https:\/\/danyfoundation.org\/#organization","name":"Dany Foundation","url":"https:\/\/danyfoundation.org\/","logo":{"@type":"ImageObject","inLanguage":"nl-NL","@id":"https:\/\/danyfoundation.org\/#\/schema\/logo\/image\/","url":"https:\/\/danyfoundation.org\/wp-content\/uploads\/danyfoundation.jpg","contentUrl":"https:\/\/danyfoundation.org\/wp-content\/uploads\/danyfoundation.jpg","width":"272","height":"406","caption":"Dany Foundation"},"image":{"@id":"https:\/\/danyfoundation.org\/#\/schema\/logo\/image\/"}}]}},"_links":{"self":[{"href":"https:\/\/danyfoundation.org\/index.php?rest_route=\/wp\/v2\/pages\/470"}],"collection":[{"href":"https:\/\/danyfoundation.org\/index.php?rest_route=\/wp\/v2\/pages"}],"about":[{"href":"https:\/\/danyfoundation.org\/index.php?rest_route=\/wp\/v2\/types\/page"}],"author":[{"embeddable":true,"href":"https:\/\/danyfoundation.org\/index.php?rest_route=\/wp\/v2\/users\/1"}],"replies":[{"embeddable":true,"href":"https:\/\/danyfoundation.org\/index.php?rest_route=%2Fwp%2Fv2%2Fcomments&post=470"}],"version-history":[{"count":35,"href":"https:\/\/danyfoundation.org\/index.php?rest_route=\/wp\/v2\/pages\/470\/revisions"}],"predecessor-version":[{"id":1361,"href":"https:\/\/danyfoundation.org\/index.php?rest_route=\/wp\/v2\/pages\/470\/revisions\/1361"}],"wp:attachment":[{"href":"https:\/\/danyfoundation.org\/index.php?rest_route=%2Fwp%2Fv2%2Fmedia&parent=470"}],"curies":[{"name":"wp","href":"https:\/\/api.w.org\/{rel}","templated":true}]}}