{"id":50,"date":"2010-08-14T21:54:27","date_gmt":"2010-08-14T21:54:27","guid":{"rendered":"http:\/\/danyfoundation.org\/?page_id=50"},"modified":"2015-09-19T11:23:31","modified_gmt":"2015-09-19T09:23:31","slug":"plan-van-aanpak","status":"publish","type":"page","link":"https:\/\/danyfoundation.org\/?page_id=50","title":{"rendered":"Actieplan"},"content":{"rendered":"<p><strong>MISSIE<\/strong><\/p>\n<ul>\n<li>Ondersteuning van sociaal kwetsbare groepen in Kaapverdi\u00eb (kinderen, zieke mensen, bejaarden) om hun levensomstandigheden en perspectief op de toekomst te verbeteren.<\/li>\n<\/ul>\n<ul>\n<li>Totstandkoming van een humane verzorging voor Kaapverdiaanse pati\u00ebnten die in Portugal verblijven incl. bijbehorende adequate voorzieningen.<\/li>\n<\/ul>\n<ul>\n<li>Doorbreken mediastilte over de problematiek van de z.g. ge\u00ebvacueerde pati\u00ebnten. Voorkomen dat hun ellendige situatie genegeerd\/verwaarloosd kan blijven door verantwoordelijke instanties.<\/li>\n<\/ul>\n<p><strong>WERKWIJZE<\/strong><\/p>\n<ul>\n<li>Regelmatig bezoek van scholen, ziekenhuizen, bejaardentehuizen en krottenwijken in Kaapverdi\u00eb om hulpbehoefte vast te stellen en gebruiksgoederen uit te delen.<\/li>\n<\/ul>\n<ul>\n<li>Financi\u00eble ondersteuning van eenmalige projecten in Kaapverdi\u00eb die door lokale inwoners zelf opgezet en uitgevoerd worden.<\/li>\n<\/ul>\n<ul>\n<li>Regelmatig bezoek aan de pensions in Lissabon waar de Kaapverdiaanse pati\u00ebnten verblijven. Doneren van gebruiksgoederen om het verblijf van de bewoners zoveel mogelijk te veraangenamen ((winter)-kleding, beddegoed, speelgoed enz.).<\/li>\n<\/ul>\n<ul>\n<li>Samenwerking met diverse Kaapverdiaanse migrantenorganisaties in West Europa en proactief Kaapverdiaanse media aanspreken op de problematiek rond de ge\u00ebvacueerde pati\u00ebnten in Lissabon.<\/li>\n<\/ul>\n<p><strong>FINANCIERING<\/strong><\/p>\n<ul>\n<li>Fondsenwerving bij specifieke projecten en vaste donateurs.<\/li>\n<li>Ontvangst van 2ehands kleding, speelgoed, schoolspullen en andere gebruiksartikelen via vaste donateurs en inzamelacties<\/li>\n<\/ul>\n<\/li>\n<\/ul>\n<div id=\"attachment_1216\" style=\"width: 624px\" class=\"wp-caption aligncenter\"><a href=\"https:\/\/danyfoundation.org\/wp-content\/uploads\/2013-collage.jpg\" target=\"_blank\"><img loading=\"lazy\" decoding=\"async\" aria-describedby=\"caption-attachment-1216\" class=\"wp-image-1216 size-large\" title=\"2013 (collage)\" src=\"https:\/\/danyfoundation.org\/wp-content\/uploads\/2013-collage-1024x724.jpg\" alt=\"\" width=\"614\" height=\"434\" srcset=\"https:\/\/danyfoundation.org\/wp-content\/uploads\/2013-collage-1024x724.jpg 1024w, https:\/\/danyfoundation.org\/wp-content\/uploads\/2013-collage-300x212.jpg 300w, https:\/\/danyfoundation.org\/wp-content\/uploads\/2013-collage.jpg 1946w\" sizes=\"(max-width: 614px) 100vw, 614px\" \/><\/a><p id=\"caption-attachment-1216\" class=\"wp-caption-text\">Cape Verde<\/p><\/div>\n<p>&nbsp;<\/p>\n<div id=\"attachment_1217\" style=\"width: 624px\" class=\"wp-caption aligncenter\"><a href=\"https:\/\/danyfoundation.org\/wp-content\/uploads\/10-2007-Lisboa-jantar-14.jpg\" target=\"_blank\"><img loading=\"lazy\" decoding=\"async\" aria-describedby=\"caption-attachment-1217\" class=\"wp-image-1217 size-large\" title=\"10 - 2007 Lisboa jantar (14)\" src=\"https:\/\/danyfoundation.org\/wp-content\/uploads\/10-2007-Lisboa-jantar-14-1024x768.jpg\" alt=\"\" width=\"614\" height=\"461\" srcset=\"https:\/\/danyfoundation.org\/wp-content\/uploads\/10-2007-Lisboa-jantar-14-1024x768.jpg 1024w, https:\/\/danyfoundation.org\/wp-content\/uploads\/10-2007-Lisboa-jantar-14-300x225.jpg 300w, https:\/\/danyfoundation.org\/wp-content\/uploads\/10-2007-Lisboa-jantar-14.jpg 2048w\" sizes=\"(max-width: 614px) 100vw, 614px\" \/><\/a><p id=\"caption-attachment-1217\" class=\"wp-caption-text\">Dinner party for patients in Lisbon<\/p><\/div>\n<p>&nbsp;<\/p>\n<div id=\"attachment_1218\" style=\"width: 624px\" class=\"wp-caption aligncenter\"><a href=\"https:\/\/danyfoundation.org\/wp-content\/uploads\/3-001.jpg\" target=\"_blank\"><img loading=\"lazy\" decoding=\"async\" aria-describedby=\"caption-attachment-1218\" class=\"wp-image-1218 size-large\" title=\"School Marcelino da Silva in Ribeira da Cruz\" src=\"https:\/\/danyfoundation.org\/wp-content\/uploads\/3-001-1024x768.jpg\" alt=\"\" width=\"614\" height=\"461\" srcset=\"https:\/\/danyfoundation.org\/wp-content\/uploads\/3-001-1024x768.jpg 1024w, https:\/\/danyfoundation.org\/wp-content\/uploads\/3-001-300x225.jpg 300w, https:\/\/danyfoundation.org\/wp-content\/uploads\/3-001.jpg 1600w\" sizes=\"(max-width: 614px) 100vw, 614px\" \/><\/a><p id=\"caption-attachment-1218\" class=\"wp-caption-text\">Project Marcelino Silva school in Santo Ant\u00e3o<\/p><\/div>\n<p style=\"text-align: center;\">\n","protected":false},"excerpt":{"rendered":"<p>MISSIE Ondersteuning van sociaal kwetsbare groepen in Kaapverdi\u00eb (kinderen, zieke mensen, bejaarden) om hun levensomstandigheden en perspectief op de toekomst te verbeteren. Totstandkoming van een humane verzorging voor Kaapverdiaanse pati\u00ebnten die in Portugal verblijven incl. bijbehorende adequate voorzieningen. Doorbreken mediastilte over de problematiek van de z.g. ge\u00ebvacueerde pati\u00ebnten. Voorkomen dat hun ellendige situatie genegeerd\/verwaarloosd kan [&hellip;]<\/p>\n","protected":false},"author":1,"featured_media":0,"parent":0,"menu_order":5,"comment_status":"closed","ping_status":"closed","template":"","meta":{"footnotes":""},"yoast_head":"<!-- This site is optimized with the Yoast SEO plugin v23.5 - https:\/\/yoast.com\/wordpress\/plugins\/seo\/ -->\n<title>ActieplanPlan of ActionPlano de Ac\u00e7\u00e3oPlan d&#039;Action - Dany Foundation<\/title>\n<meta name=\"robots\" content=\"index, follow, max-snippet:-1, max-image-preview:large, max-video-preview:-1\" \/>\n<link rel=\"canonical\" href=\"https:\/\/danyfoundation.org\/?page_id=50\" \/>\n<meta property=\"og:locale\" content=\"nl_NL\" \/>\n<meta property=\"og:type\" content=\"article\" \/>\n<meta property=\"og:title\" content=\"ActieplanPlan of ActionPlano de Ac\u00e7\u00e3oPlan d&#039;Action - Dany Foundation\" \/>\n<meta property=\"og:description\" content=\"MISSIE Ondersteuning van sociaal kwetsbare groepen in Kaapverdi\u00eb (kinderen, zieke mensen, bejaarden) om hun levensomstandigheden en perspectief op de toekomst te verbeteren. Totstandkoming van een humane verzorging voor Kaapverdiaanse pati\u00ebnten die in Portugal verblijven incl. bijbehorende adequate voorzieningen. Doorbreken mediastilte over de problematiek van de z.g. ge\u00ebvacueerde pati\u00ebnten. Voorkomen dat hun ellendige situatie genegeerd\/verwaarloosd kan [&hellip;]\" \/>\n<meta property=\"og:url\" content=\"https:\/\/danyfoundation.org\/?page_id=50\" \/>\n<meta property=\"og:site_name\" content=\"Dany Foundation\" \/>\n<meta property=\"article:modified_time\" content=\"2015-09-19T09:23:31+00:00\" \/>\n<meta property=\"og:image\" content=\"https:\/\/danyfoundation.org\/wp-content\/uploads\/2013-collage-1024x724.jpg\" \/>\n<meta name=\"twitter:card\" content=\"summary_large_image\" \/>\n<meta name=\"twitter:label1\" content=\"Geschatte leestijd\" \/>\n\t<meta name=\"twitter:data1\" content=\"4 minutes\" \/>\n<script type=\"application\/ld+json\" class=\"yoast-schema-graph\">{\"@context\":\"https:\/\/schema.org\",\"@graph\":[{\"@type\":\"WebPage\",\"@id\":\"https:\/\/danyfoundation.org\/?page_id=50\",\"url\":\"https:\/\/danyfoundation.org\/?page_id=50\",\"name\":\"ActieplanPlan of ActionPlano de Ac\u00e7\u00e3oPlan d'Action - Dany Foundation\",\"isPartOf\":{\"@id\":\"https:\/\/danyfoundation.org\/#website\"},\"primaryImageOfPage\":{\"@id\":\"https:\/\/danyfoundation.org\/?page_id=50#primaryimage\"},\"image\":{\"@id\":\"https:\/\/danyfoundation.org\/?page_id=50#primaryimage\"},\"thumbnailUrl\":\"https:\/\/danyfoundation.org\/wp-content\/uploads\/2013-collage-1024x724.jpg\",\"datePublished\":\"2010-08-14T21:54:27+00:00\",\"dateModified\":\"2015-09-19T09:23:31+00:00\",\"breadcrumb\":{\"@id\":\"https:\/\/danyfoundation.org\/?page_id=50#breadcrumb\"},\"inLanguage\":\"nl-NL\",\"potentialAction\":[{\"@type\":\"ReadAction\",\"target\":[\"https:\/\/danyfoundation.org\/?page_id=50\"]}]},{\"@type\":\"ImageObject\",\"inLanguage\":\"nl-NL\",\"@id\":\"https:\/\/danyfoundation.org\/?page_id=50#primaryimage\",\"url\":\"https:\/\/danyfoundation.org\/wp-content\/uploads\/2013-collage.jpg\",\"contentUrl\":\"https:\/\/danyfoundation.org\/wp-content\/uploads\/2013-collage.jpg\",\"width\":\"1946\",\"height\":\"1376\"},{\"@type\":\"BreadcrumbList\",\"@id\":\"https:\/\/danyfoundation.org\/?page_id=50#breadcrumb\",\"itemListElement\":[{\"@type\":\"ListItem\",\"position\":1,\"name\":\"Home\",\"item\":\"https:\/\/danyfoundation.org\/\"},{\"@type\":\"ListItem\",\"position\":2,\"name\":\"Actieplan\"}]},{\"@type\":\"WebSite\",\"@id\":\"https:\/\/danyfoundation.org\/#website\",\"url\":\"https:\/\/danyfoundation.org\/\",\"name\":\"Dany Foundation\",\"description\":\"Stichting voor Kaapverdiaanse pati\u00ebnten\",\"publisher\":{\"@id\":\"https:\/\/danyfoundation.org\/#organization\"},\"potentialAction\":[{\"@type\":\"SearchAction\",\"target\":{\"@type\":\"EntryPoint\",\"urlTemplate\":\"https:\/\/danyfoundation.org\/?s={search_term_string}\"},\"query-input\":{\"@type\":\"PropertyValueSpecification\",\"valueRequired\":true,\"valueName\":\"search_term_string\"}}],\"inLanguage\":\"nl-NL\"},{\"@type\":\"Organization\",\"@id\":\"https:\/\/danyfoundation.org\/#organization\",\"name\":\"Dany Foundation\",\"url\":\"https:\/\/danyfoundation.org\/\",\"logo\":{\"@type\":\"ImageObject\",\"inLanguage\":\"nl-NL\",\"@id\":\"https:\/\/danyfoundation.org\/#\/schema\/logo\/image\/\",\"url\":\"https:\/\/danyfoundation.org\/wp-content\/uploads\/danyfoundation.jpg\",\"contentUrl\":\"https:\/\/danyfoundation.org\/wp-content\/uploads\/danyfoundation.jpg\",\"width\":\"272\",\"height\":\"406\",\"caption\":\"Dany Foundation\"},\"image\":{\"@id\":\"https:\/\/danyfoundation.org\/#\/schema\/logo\/image\/\"}}]}<\/script>\n<!-- \/ Yoast SEO plugin. -->","yoast_head_json":{"title":"ActieplanPlan of ActionPlano de Ac\u00e7\u00e3oPlan d'Action - Dany Foundation","robots":{"index":"index","follow":"follow","max-snippet":"max-snippet:-1","max-image-preview":"max-image-preview:large","max-video-preview":"max-video-preview:-1"},"canonical":"https:\/\/danyfoundation.org\/?page_id=50","og_locale":"nl_NL","og_type":"article","og_title":"ActieplanPlan of ActionPlano de Ac\u00e7\u00e3oPlan d'Action - Dany Foundation","og_description":"MISSIE Ondersteuning van sociaal kwetsbare groepen in Kaapverdi\u00eb (kinderen, zieke mensen, bejaarden) om hun levensomstandigheden en perspectief op de toekomst te verbeteren. Totstandkoming van een humane verzorging voor Kaapverdiaanse pati\u00ebnten die in Portugal verblijven incl. bijbehorende adequate voorzieningen. Doorbreken mediastilte over de problematiek van de z.g. ge\u00ebvacueerde pati\u00ebnten. Voorkomen dat hun ellendige situatie genegeerd\/verwaarloosd kan [&hellip;]","og_url":"https:\/\/danyfoundation.org\/?page_id=50","og_site_name":"Dany Foundation","article_modified_time":"2015-09-19T09:23:31+00:00","og_image":[{"url":"https:\/\/danyfoundation.org\/wp-content\/uploads\/2013-collage-1024x724.jpg"}],"twitter_card":"summary_large_image","twitter_misc":{"Geschatte leestijd":"4 minutes"},"schema":{"@context":"https:\/\/schema.org","@graph":[{"@type":"WebPage","@id":"https:\/\/danyfoundation.org\/?page_id=50","url":"https:\/\/danyfoundation.org\/?page_id=50","name":"ActieplanPlan of ActionPlano de Ac\u00e7\u00e3oPlan d'Action - Dany Foundation","isPartOf":{"@id":"https:\/\/danyfoundation.org\/#website"},"primaryImageOfPage":{"@id":"https:\/\/danyfoundation.org\/?page_id=50#primaryimage"},"image":{"@id":"https:\/\/danyfoundation.org\/?page_id=50#primaryimage"},"thumbnailUrl":"https:\/\/danyfoundation.org\/wp-content\/uploads\/2013-collage-1024x724.jpg","datePublished":"2010-08-14T21:54:27+00:00","dateModified":"2015-09-19T09:23:31+00:00","breadcrumb":{"@id":"https:\/\/danyfoundation.org\/?page_id=50#breadcrumb"},"inLanguage":"nl-NL","potentialAction":[{"@type":"ReadAction","target":["https:\/\/danyfoundation.org\/?page_id=50"]}]},{"@type":"ImageObject","inLanguage":"nl-NL","@id":"https:\/\/danyfoundation.org\/?page_id=50#primaryimage","url":"https:\/\/danyfoundation.org\/wp-content\/uploads\/2013-collage.jpg","contentUrl":"https:\/\/danyfoundation.org\/wp-content\/uploads\/2013-collage.jpg","width":"1946","height":"1376"},{"@type":"BreadcrumbList","@id":"https:\/\/danyfoundation.org\/?page_id=50#breadcrumb","itemListElement":[{"@type":"ListItem","position":1,"name":"Home","item":"https:\/\/danyfoundation.org\/"},{"@type":"ListItem","position":2,"name":"Actieplan"}]},{"@type":"WebSite","@id":"https:\/\/danyfoundation.org\/#website","url":"https:\/\/danyfoundation.org\/","name":"Dany Foundation","description":"Stichting voor Kaapverdiaanse pati\u00ebnten","publisher":{"@id":"https:\/\/danyfoundation.org\/#organization"},"potentialAction":[{"@type":"SearchAction","target":{"@type":"EntryPoint","urlTemplate":"https:\/\/danyfoundation.org\/?s={search_term_string}"},"query-input":{"@type":"PropertyValueSpecification","valueRequired":true,"valueName":"search_term_string"}}],"inLanguage":"nl-NL"},{"@type":"Organization","@id":"https:\/\/danyfoundation.org\/#organization","name":"Dany Foundation","url":"https:\/\/danyfoundation.org\/","logo":{"@type":"ImageObject","inLanguage":"nl-NL","@id":"https:\/\/danyfoundation.org\/#\/schema\/logo\/image\/","url":"https:\/\/danyfoundation.org\/wp-content\/uploads\/danyfoundation.jpg","contentUrl":"https:\/\/danyfoundation.org\/wp-content\/uploads\/danyfoundation.jpg","width":"272","height":"406","caption":"Dany Foundation"},"image":{"@id":"https:\/\/danyfoundation.org\/#\/schema\/logo\/image\/"}}]}},"_links":{"self":[{"href":"https:\/\/danyfoundation.org\/index.php?rest_route=\/wp\/v2\/pages\/50"}],"collection":[{"href":"https:\/\/danyfoundation.org\/index.php?rest_route=\/wp\/v2\/pages"}],"about":[{"href":"https:\/\/danyfoundation.org\/index.php?rest_route=\/wp\/v2\/types\/page"}],"author":[{"embeddable":true,"href":"https:\/\/danyfoundation.org\/index.php?rest_route=\/wp\/v2\/users\/1"}],"replies":[{"embeddable":true,"href":"https:\/\/danyfoundation.org\/index.php?rest_route=%2Fwp%2Fv2%2Fcomments&post=50"}],"version-history":[{"count":22,"href":"https:\/\/danyfoundation.org\/index.php?rest_route=\/wp\/v2\/pages\/50\/revisions"}],"predecessor-version":[{"id":1394,"href":"https:\/\/danyfoundation.org\/index.php?rest_route=\/wp\/v2\/pages\/50\/revisions\/1394"}],"wp:attachment":[{"href":"https:\/\/danyfoundation.org\/index.php?rest_route=%2Fwp%2Fv2%2Fmedia&parent=50"}],"curies":[{"name":"wp","href":"https:\/\/api.w.org\/{rel}","templated":true}]}}